{"id":447,"date":"2023-07-31T09:34:09","date_gmt":"2023-07-31T07:34:09","guid":{"rendered":"https:\/\/leofrance.com\/entreprise\/"},"modified":"2023-09-19T00:07:07","modified_gmt":"2023-09-18T22:07:07","slug":"entreprise","status":"publish","type":"page","link":"https:\/\/leofrance.com\/fr\/entreprise\/","title":{"rendered":"Entreprise"},"content":{"rendered":"<div class=\"fusion-fullwidth fullwidth-box fusion-builder-row-1 fusion-flex-container has-pattern-background has-mask-background fusion-parallax-none hundred-percent-fullwidth non-hundred-percent-height-scrolling\" style=\"--awb-background-position:left top;--awb-border-radius-top-left:0px;--awb-border-radius-top-right:0px;--awb-border-radius-bottom-right:0px;--awb-border-radius-bottom-left:0px;--awb-padding-right:0px;--awb-padding-left:0px;--awb-min-height:60vh;--awb-background-color:rgba(255,255,255,0);--awb-background-image:url(&quot;https:\/\/leofrance.com\/wp-content\/uploads\/2023\/07\/h01.jpg&quot;);--awb-background-size:cover;--awb-flex-wrap:wrap;\" ><div class=\"fusion-builder-row fusion-row fusion-flex-align-items-stretch fusion-flex-content-wrap\" style=\"width:104% !important;max-width:104% !important;margin-left: calc(-4% \/ 2 );margin-right: calc(-4% \/ 2 );\"><div class=\"fusion-layout-column fusion_builder_column fusion-builder-column-0 fusion_builder_column_1_3 1_3 fusion-flex-column\" style=\"--awb-padding-top-small:100px;--awb-padding-bottom-small:100px;--awb-bg-size:cover;--awb-width-large:33.333333333333%;--awb-margin-top-large:0px;--awb-spacing-right-large:5.76%;--awb-margin-bottom-large:20px;--awb-spacing-left-large:5.76%;--awb-width-medium:33.333333333333%;--awb-order-medium:0;--awb-spacing-right-medium:5.76%;--awb-spacing-left-medium:5.76%;--awb-width-small:100%;--awb-order-small:0;--awb-spacing-right-small:1.92%;--awb-spacing-left-small:1.92%;\"><div class=\"fusion-column-wrapper fusion-column-has-shadow fusion-flex-justify-content-flex-start fusion-content-layout-column\"><div class=\"fusion-title title fusion-title-1 fusion-no-medium-visibility fusion-no-large-visibility fusion-sep-none fusion-title-text fusion-title-size-one\" style=\"--awb-text-color:var(--awb-color1);\"><h1 class=\"fusion-title-heading title-heading-left sm-text-align-center\" style=\"font-family:&quot;Dosis&quot;;font-style:normal;font-weight:300;margin:0;text-shadow:2px 2px 5px var(--awb-color8);\">Entreprise<\/h1><\/div><\/div><\/div><div class=\"fusion-layout-column fusion_builder_column fusion-builder-column-1 fusion_builder_column_2_3 2_3 fusion-flex-column\" style=\"--awb-padding-top:60px;--awb-padding-right:30px;--awb-padding-bottom:60px;--awb-padding-left:30px;--awb-bg-color:rgba(255,255,255,0.85);--awb-bg-color-hover:rgba(255,255,255,0.85);--awb-bg-size:cover;--awb-width-large:66.666666666667%;--awb-margin-top-large:0px;--awb-spacing-right-large:2.88%;--awb-margin-bottom-large:0px;--awb-spacing-left-large:2.88%;--awb-width-medium:66.666666666667%;--awb-order-medium:0;--awb-spacing-right-medium:2.88%;--awb-spacing-left-medium:2.88%;--awb-width-small:100%;--awb-order-small:0;--awb-spacing-right-small:1.92%;--awb-spacing-left-small:1.92%;\"><div class=\"fusion-column-wrapper fusion-column-has-shadow fusion-flex-justify-content-flex-start fusion-content-layout-column\"><div class=\"fusion-builder-row fusion-builder-row-inner fusion-row fusion-flex-align-items-stretch fusion-flex-content-wrap\" style=\"width:104% !important;max-width:104% !important;margin-left: calc(-4% \/ 2 );margin-right: calc(-4% \/ 2 );\"><div class=\"fusion-layout-column fusion_builder_column_inner fusion-builder-nested-column-0 fusion_builder_column_inner_1_2 1_2 fusion-flex-column\" style=\"--awb-bg-size:cover;--awb-width-large:50%;--awb-margin-top-large:0px;--awb-spacing-right-large:3.84%;--awb-margin-bottom-large:20px;--awb-spacing-left-large:3.84%;--awb-width-medium:50%;--awb-order-medium:0;--awb-spacing-right-medium:3.84%;--awb-spacing-left-medium:3.84%;--awb-width-small:100%;--awb-order-small:0;--awb-spacing-right-small:1.92%;--awb-spacing-left-small:1.92%;\"><div class=\"fusion-column-wrapper fusion-column-has-shadow fusion-flex-justify-content-flex-start fusion-content-layout-column\"><div class=\"fusion-text fusion-text-1\"><p>Leo France produit depuis 50 ans des bijoux fantaisie et des accessoires pour les plus grands noms de la mode.<br \/>\nLa soci\u00e9t\u00e9 est \u00e0 gestion familiale. Elle a grandi de fa\u00e7on constante pour devenir une r\u00e9f\u00e9rence importante dans le domaine des petites pi\u00e8ces m\u00e9talliques, donnant du travail \u00e0 de nombreuses entreprises de la r\u00e9gion et r\u00e9alisant des articles de haute qualit\u00e9 technique et stylistique.<\/p>\n<\/div><\/div><\/div><div class=\"fusion-layout-column fusion_builder_column_inner fusion-builder-nested-column-1 fusion_builder_column_inner_1_2 1_2 fusion-flex-column\" style=\"--awb-bg-size:cover;--awb-width-large:50%;--awb-margin-top-large:0px;--awb-spacing-right-large:3.84%;--awb-margin-bottom-large:20px;--awb-spacing-left-large:3.84%;--awb-width-medium:50%;--awb-order-medium:0;--awb-spacing-right-medium:3.84%;--awb-spacing-left-medium:3.84%;--awb-width-small:100%;--awb-order-small:0;--awb-spacing-right-small:1.92%;--awb-spacing-left-small:1.92%;\"><div class=\"fusion-column-wrapper fusion-column-has-shadow fusion-flex-justify-content-flex-start fusion-content-layout-column\"><div class=\"fusion-text fusion-text-2\"><p>La soci\u00e9t\u00e9 a \u00e9tabli des relations durables avec ses clients, gr\u00e2ce \u00e0 un \u00e9change continu et \u00e0 une \u00e9tude approfondie de chaque produit pour obtenir un r\u00e9sultat d\u2019excellence qui apporte de la valeur \u00e0 l\u2019entreprise.<\/p>\n<\/div><\/div><\/div><\/div><\/div><\/div><\/div><\/div>\n","protected":false},"excerpt":{"rendered":"","protected":false},"author":1,"featured_media":0,"parent":0,"menu_order":0,"comment_status":"closed","ping_status":"closed","template":"100-width.php","meta":{"footnotes":""},"acf":[],"yoast_head":"<!-- This site is optimized with the Yoast SEO plugin v21.7 - https:\/\/yoast.com\/wordpress\/plugins\/seo\/ -->\n<title>Entreprise - Leofrance Srl<\/title>\n<meta name=\"robots\" content=\"index, follow, max-snippet:-1, max-image-preview:large, max-video-preview:-1\" \/>\n<link rel=\"canonical\" href=\"https:\/\/leofrance.com\/azienda-bigiotteria-e-accessori-alta-moda\/\" \/>\n<meta property=\"og:locale\" content=\"fr_FR\" \/>\n<meta property=\"og:type\" content=\"article\" \/>\n<meta property=\"og:title\" content=\"Entreprise - Leofrance Srl\" \/>\n<meta property=\"og:url\" content=\"https:\/\/leofrance.com\/azienda-bigiotteria-e-accessori-alta-moda\/\" \/>\n<meta property=\"og:site_name\" content=\"Leofrance Srl\" \/>\n<meta property=\"article:modified_time\" content=\"2023-09-18T22:07:07+00:00\" \/>\n<meta name=\"twitter:card\" content=\"summary_large_image\" \/>\n<meta name=\"twitter:label1\" content=\"Dur\u00e9e de lecture estim\u00e9e\" \/>\n\t<meta name=\"twitter:data1\" content=\"7 minutes\" \/>\n<script type=\"application\/ld+json\" class=\"yoast-schema-graph\">{\"@context\":\"https:\/\/schema.org\",\"@graph\":[{\"@type\":\"WebPage\",\"@id\":\"https:\/\/leofrance.com\/azienda-bigiotteria-e-accessori-alta-moda\/\",\"url\":\"https:\/\/leofrance.com\/azienda-bigiotteria-e-accessori-alta-moda\/\",\"name\":\"Entreprise - Leofrance Srl\",\"isPartOf\":{\"@id\":\"https:\/\/leofrance.com\/#website\"},\"datePublished\":\"2023-07-31T07:34:09+00:00\",\"dateModified\":\"2023-09-18T22:07:07+00:00\",\"breadcrumb\":{\"@id\":\"https:\/\/leofrance.com\/azienda-bigiotteria-e-accessori-alta-moda\/#breadcrumb\"},\"inLanguage\":\"fr-FR\",\"potentialAction\":[{\"@type\":\"ReadAction\",\"target\":[\"https:\/\/leofrance.com\/azienda-bigiotteria-e-accessori-alta-moda\/\"]}]},{\"@type\":\"BreadcrumbList\",\"@id\":\"https:\/\/leofrance.com\/azienda-bigiotteria-e-accessori-alta-moda\/#breadcrumb\",\"itemListElement\":[{\"@type\":\"ListItem\",\"position\":1,\"name\":\"Home\",\"item\":\"https:\/\/leofrance.com\/\"},{\"@type\":\"ListItem\",\"position\":2,\"name\":\"Entreprise\"}]},{\"@type\":\"WebSite\",\"@id\":\"https:\/\/leofrance.com\/#website\",\"url\":\"https:\/\/leofrance.com\/\",\"name\":\"Leofrance Srl\",\"description\":\"Produzione bigiotteria e accessori alta moda\",\"potentialAction\":[{\"@type\":\"SearchAction\",\"target\":{\"@type\":\"EntryPoint\",\"urlTemplate\":\"https:\/\/leofrance.com\/?s={search_term_string}\"},\"query-input\":\"required name=search_term_string\"}],\"inLanguage\":\"fr-FR\"}]}<\/script>\n<!-- \/ Yoast SEO plugin. -->","yoast_head_json":{"title":"Entreprise - Leofrance Srl","robots":{"index":"index","follow":"follow","max-snippet":"max-snippet:-1","max-image-preview":"max-image-preview:large","max-video-preview":"max-video-preview:-1"},"canonical":"https:\/\/leofrance.com\/azienda-bigiotteria-e-accessori-alta-moda\/","og_locale":"fr_FR","og_type":"article","og_title":"Entreprise - Leofrance Srl","og_url":"https:\/\/leofrance.com\/azienda-bigiotteria-e-accessori-alta-moda\/","og_site_name":"Leofrance Srl","article_modified_time":"2023-09-18T22:07:07+00:00","twitter_card":"summary_large_image","twitter_misc":{"Dur\u00e9e de lecture estim\u00e9e":"7 minutes"},"schema":{"@context":"https:\/\/schema.org","@graph":[{"@type":"WebPage","@id":"https:\/\/leofrance.com\/azienda-bigiotteria-e-accessori-alta-moda\/","url":"https:\/\/leofrance.com\/azienda-bigiotteria-e-accessori-alta-moda\/","name":"Entreprise - Leofrance Srl","isPartOf":{"@id":"https:\/\/leofrance.com\/#website"},"datePublished":"2023-07-31T07:34:09+00:00","dateModified":"2023-09-18T22:07:07+00:00","breadcrumb":{"@id":"https:\/\/leofrance.com\/azienda-bigiotteria-e-accessori-alta-moda\/#breadcrumb"},"inLanguage":"fr-FR","potentialAction":[{"@type":"ReadAction","target":["https:\/\/leofrance.com\/azienda-bigiotteria-e-accessori-alta-moda\/"]}]},{"@type":"BreadcrumbList","@id":"https:\/\/leofrance.com\/azienda-bigiotteria-e-accessori-alta-moda\/#breadcrumb","itemListElement":[{"@type":"ListItem","position":1,"name":"Home","item":"https:\/\/leofrance.com\/"},{"@type":"ListItem","position":2,"name":"Entreprise"}]},{"@type":"WebSite","@id":"https:\/\/leofrance.com\/#website","url":"https:\/\/leofrance.com\/","name":"Leofrance Srl","description":"Produzione bigiotteria e accessori alta moda","potentialAction":[{"@type":"SearchAction","target":{"@type":"EntryPoint","urlTemplate":"https:\/\/leofrance.com\/?s={search_term_string}"},"query-input":"required name=search_term_string"}],"inLanguage":"fr-FR"}]}},"_links":{"self":[{"href":"https:\/\/leofrance.com\/fr\/wp-json\/wp\/v2\/pages\/447"}],"collection":[{"href":"https:\/\/leofrance.com\/fr\/wp-json\/wp\/v2\/pages"}],"about":[{"href":"https:\/\/leofrance.com\/fr\/wp-json\/wp\/v2\/types\/page"}],"author":[{"embeddable":true,"href":"https:\/\/leofrance.com\/fr\/wp-json\/wp\/v2\/users\/1"}],"replies":[{"embeddable":true,"href":"https:\/\/leofrance.com\/fr\/wp-json\/wp\/v2\/comments?post=447"}],"version-history":[{"count":2,"href":"https:\/\/leofrance.com\/fr\/wp-json\/wp\/v2\/pages\/447\/revisions"}],"predecessor-version":[{"id":449,"href":"https:\/\/leofrance.com\/fr\/wp-json\/wp\/v2\/pages\/447\/revisions\/449"}],"wp:attachment":[{"href":"https:\/\/leofrance.com\/fr\/wp-json\/wp\/v2\/media?parent=447"}],"curies":[{"name":"wp","href":"https:\/\/api.w.org\/{rel}","templated":true}]}}