{"id":1829,"date":"2026-04-01T14:34:29","date_gmt":"2026-04-01T14:34:29","guid":{"rendered":"https:\/\/leofrance.com\/politique-de-confidentialite\/"},"modified":"2026-04-07T13:02:02","modified_gmt":"2026-04-07T13:02:02","slug":"politique-de-confidentialite","status":"publish","type":"page","link":"https:\/\/leofrance.com\/fr\/politique-de-confidentialite\/","title":{"rendered":"Politique de confidentialit\u00e9"},"content":{"rendered":"\t\t<div data-elementor-type=\"wp-page\" data-elementor-id=\"1829\" class=\"elementor elementor-1829 elementor-1797\" data-elementor-post-type=\"page\">\n\t\t\t\t<div class=\"elementor-element elementor-element-2ab02ee e-flex e-con-boxed e-con e-parent\" data-id=\"2ab02ee\" data-element_type=\"container\" data-e-type=\"container\" data-settings=\"{&quot;background_background&quot;:&quot;classic&quot;}\">\n\t\t\t\t\t<div class=\"e-con-inner\">\n\t\t\t\t<div class=\"elementor-element elementor-element-5af1c56 elementor-widget elementor-widget-text-editor\" data-id=\"5af1c56\" data-element_type=\"widget\" data-e-type=\"widget\" data-widget_type=\"text-editor.default\">\n\t\t\t\t\t\t\t\t\t<h3><strong>Informativa essenziale Fornitori<\/strong><\/h3><p> <\/p><h4>Chi \u00e8 il titolare del trattamento?<\/h4><p>Leo France S.p.A., d\u2019ora in avanti Il Titolare (50141) Firenze, via Reginaldo Giuliani, 360 Tel: 055\/42991<br>Mail: <a href=\"mailto:privacy@leofrance.it\">privacy@leofrance.it<\/a><\/p><p> <\/p><h4>Chi sono i destinatari?<\/h4><p>Responsabili esterni del trattamento ed eventuali ulteriori titolari<\/p><ul><li>Fornitori eventualmente coinvolti nella gestione amministrativa e contabile<\/li><li>Consulenti<\/li><li>Clienti<\/li><li>informatici\/Tecnici informatici<\/li><li>OdV<\/li><\/ul>\t\t\t\t\t\t\t\t<\/div>\n\t\t\t\t<div class=\"elementor-element elementor-element-11da6f3 elementor-widget elementor-widget-text-editor\" data-id=\"11da6f3\" data-element_type=\"widget\" data-e-type=\"widget\" data-widget_type=\"text-editor.default\">\n\t\t\t\t\t\t\t\t\t<h3><strong>Cosa sar\u00e0 fatto dei tuoi dati personali?<\/strong><\/h3>\t\t\t\t\t\t\t\t<\/div>\n\t\t\t\t<div class=\"elementor-element elementor-element-57cbde3 elementor-widget elementor-widget-elementskit-tablepress\" data-id=\"57cbde3\" data-element_type=\"widget\" data-e-type=\"widget\" data-widget_type=\"elementskit-tablepress.default\">\n\t\t\t\t<div class=\"elementor-widget-container\">\n\t\t\t\t\t<div class=\"elemenetskit-tablepress ekit-wid-con\" id=\"ekit_tablepress_57cbde3\">\n<table id=\"tablepress-1\" class=\"tablepress tablepress-id-1\">\n<thead>\n<tr class=\"row-1\">\n\t<th class=\"column-1\">I dati personali saranno trattati:<\/th><th class=\"column-2\">Il trattamento avviene in base a:<\/th><th class=\"column-3\">I dati personali che ti riguardano sono:<\/th>\n<\/tr>\n<\/thead>\n<tbody class=\"row-striping row-hover\">\n<tr class=\"row-2\">\n\t<td class=\"column-1\">per l\u2019esecuzione e la gestione del rapporto contrattuale instaurato compresa la comunicazione a destinatari e\/o terzi in dipendenza del rapporto contrattuale e degli obblighi che ne derivano<\/td><td class=\"column-2\">attivit\u00e0 preordinate alla conclusione del contratto<br \/>\n\u2022 contratto<br \/>\n\u2022 adempimento di attivit\u00e0<br \/>\n\u2022 conseguenti al rapporto instaurato e regolamentate per il settore di riferimento del titolare del trattamento<\/td><td class=\"column-3\">\u2022 nome, cognome<br \/>\n\u2022 codice fiscale o partita iva<br \/>\n\u2022 indirizzo fisico e telematico<br \/>\n\u2022 numero di telefono fisso e\/o mobile<br \/>\n\u2022 dati contabili<\/td>\n<\/tr>\n<tr class=\"row-3\">\n\t<td class=\"column-1\">per l\u2019archiviazione e la conservazione<\/td><td class=\"column-2\">\u2022 contratto, per tutta la sua durata<br \/>\n\u2022 adempimento di obblighi conseguenti al rapporto instaurato, quali (tenuta della contabilit\u00e0 ed esercizio dei diritti dipendenti dal contratto)<\/td><td class=\"column-3\">\u2022 nome, cognome<br \/>\n\u2022 codice fiscale o partita iva<br \/>\n\u2022 dati contabili<\/td>\n<\/tr>\n<tr class=\"row-4\">\n\t<td class=\"column-1\">Per le attivit\u00e0 di verifica svolte dal Titolare nell\u2019ambito del rispetto di codici di condotta aderiti dal Titolare stesso<\/td><td class=\"column-2\">\u2022 legittimo interesse del titolare del trattamento<br \/>\n\u2022 consenso fornito al titolare<br \/>\n\u2022 autonomo che ha fornito i dati<\/td><td class=\"column-3\">\u2022 nome, cognome<br \/>\n\u2022 codice fiscale<br \/>\n\u2022 dati contabili<br \/>\n\u2022 dati particolari (eventuali) relativi allo stato di salute<\/td>\n<\/tr>\n<tr class=\"row-5\">\n\t<td class=\"column-1\">per la comunicazione a clienti del Titolare in ragione di verifiche effettuate in merito al rispetto dei codici di condotta aderiti dal Titolare<\/td><td class=\"column-2\">l\u2022 egittimo interesse del titolare del trattamento<\/td><td class=\"column-3\">\u2022 nome, cognome<br \/>\n\u2022 codice fiscale o partita iva<br \/>\n\u2022 indirizzo fisico e telematico<br \/>\n\u2022 numero di telefono fisso e\/o mobile<br \/>\n\u2022 dati contabili<\/td>\n<\/tr>\n<\/tbody>\n<\/table>\n<!-- #tablepress-1 from cache --><\/div>\t\t\t\t<\/div>\n\t\t\t\t<\/div>\n\t\t\t\t<div class=\"elementor-element elementor-element-a2a7384 elementor-widget elementor-widget-text-editor\" data-id=\"a2a7384\" data-element_type=\"widget\" data-e-type=\"widget\" data-widget_type=\"text-editor.default\">\n\t\t\t\t\t\t\t\t\t<h3><strong>Origine dei dati personali<\/strong><\/h3><p> <\/p><p>In alcuni casi il Titolare ricever\u00e0 i dati personali da parte di terzi (quali societ\u00e0 di auditing\/verifica e\/o Brand coinvolti in tali attivit\u00e0) nell\u2019ambito di attivit\u00e0 correlate alle verifiche effettuate per la corretta adesione a codici di condotta.<\/p><p>Il Titolare ti informa che puoi esercitare in qualsiasi momento il diritto di reclamo all\u2019Autorit\u00e0 competente e gli altri diritti previsti dagli artt. 15 e ss. del Regolamento Europeo (UE) 2016\/679.<\/p><p>Per maggiori informazioni contattaci all\u2019indirizzo <a href=\"mailto:privacy@leofrance.it\">privacy@leofrance.it<\/a><\/p>\t\t\t\t\t\t\t\t<\/div>\n\t\t\t\t<div class=\"elementor-element elementor-element-ab12987 elementor-widget elementor-widget-text-editor\" data-id=\"ab12987\" data-element_type=\"widget\" data-e-type=\"widget\" data-widget_type=\"text-editor.default\">\n\t\t\t\t\t\t\t\t\t<h3><strong>Informativa completa Fornitori<\/strong><\/h3><h4> <\/h4><h4>Chi siamo e cosa facciamo dei tuoi dati personali?<\/h4><p>Leo France S.p.A., con sede in (50141) Firenze, via Reginaldo Giuliani 360, (di seguito anche il Titolare), in qualit\u00e0 di titolare del trattamento, si preoccupa della riservatezza dei tuoi dati personali<br>e di garantire ad essi la protezione necessaria da ogni evento che possa metterli a rischio di violazione.<br>Il Titolare mette in pratica al fine policy e prassi aventi riguardo alla raccolta e all\u2019utilizzo dei dati personali e all\u2019esercizio dei diritti che ti sono riconosciuti dalla normativa applicabile. Il Titolare ha<br>cura di aggiornare le policy e le prassi adottate per la protezione dei dati personali ogni volta che ci\u00f2 si renda necessario e comunque in caso di modifiche normative e organizzative che possano incidere sui trattamenti dei tuoi dati personali. <\/p><h4> <\/h4><h4>Come e perch\u00e9 il Titolare raccoglie e tratta i tuoi dati personali?<\/h4><p>Il Titolare raccoglie e\/o riceve le informazioni che ti riguardano, quali:<\/p><ul><li>nome, cognome;<\/li><li>partita iva e codice fiscale;<\/li><li>luogo e data di nascita;<\/li><li>indirizzo fisico e telematico;<\/li><li>numero di telefono fisso e\/o mobile;<\/li><li>dati contabili.<\/li><\/ul><p>I dati personali che ti riguardano saranno trattati per le finalit\u00e0 che seguono:<\/p><p> <\/p><h4>1) la gestione del rapporto contrattuale di fornitura e dei conseguenti adempimenti anche normativi, compresa la comunicazione<\/h4><p><strong>FINALIT\u00c0<\/strong><br>&#8211; la gestione del rapporto contrattuale in tutte le sue fasi, dalle trattative alla sua definizione, qualunque ne sia la causa<br>&#8211; monitoraggio e aggiornamento delle condizioni di fornitura e\/o dei servizi e degli incarichi<br>&#8211; registrazione, fatturazione e tenuta della contabilit\u00e0<br>&#8211; comunicazione a fornitori eventualmente coinvolti nella gestione amministrativa e contabile<br>&#8211; Consulenti informatici\/Tecnici informatici<br>&#8211; OdV<\/p><p><strong>BASE GIURIDICA<\/strong><\/p><p>Svolgimento attivit\u00e0 contrattuali e precontrattuali<br>Adempimento di obblighi di legge e dipendenti dal contratto e dal rapporto instaurato, quali, tra gli altri, quelli discendenti da:<br>&#8211; D.P.R. n. 633\/1972 e s.m.i.<br>&#8211; D.P.R. n. 600\/1972 e s.m.i.<br>&#8211; Codice etico del Titolare<br>Adempimento di obblighi di rendicontazione economico-finanziaria e sociale  <\/p><p> <\/p><h4>2) per la comunicazione a terzi e per la diffusione<\/h4><div><span style=\"font-weight: bolder;\">FINALIT\u00c0<\/span><br>&#8211; per la comunicazione a clienti del Titolare in ragione di verifiche effettuate in merito al rispetto dei codici di condotta aderiti dal Titolare<\/div><div> <\/div><div><strong>BASE GIURIDICA<\/strong><br>Legittimo interesse del Titolare<\/div><div> <\/div><div>La comunicazione e la diffusione riguardano le categorie di dati la cui trasmissione e\/o divulgazione si rendano necessarie per lo svolgimento delle attivit\u00e0 e finalit\u00e0 perseguite dal Titolare nella gestione del rapporto instaurato. Il relativo trattamento non richiede il consenso dell\u2019interessato nel caso in cui lo stesso avvenga a fronte di obblighi di legge o per dar corso agli<br>obblighi derivanti dal rapporto contrattuale o nel caso dovesse ricorrere altra ipotesi di esclusione (in specie applicazione delle prescrizioni di cui al Codice etico e\/o interesse legittimo interesse del Titolare), espressamente prevista o dipendente dalla normativa e dai regolamenti applicati dal Titolare, o anche mediante soggetti terzi individuati quali responsabili del trattamento; <\/div><h4> <\/h4><h4>3) per le attivit\u00e0 di verifica svolte dal Titolare nell\u2019ambito del rispetto di codici di condotta aderiti dal Titolare stesso<\/h4><p><strong>FINALIT\u00c0<\/strong><br>&#8211; esecuzione di attivit\u00e0 di auditing-verifica svolte dal Titolare nell\u2019ambito della comprova del rispetto dei codici di condotta ai quali lo stesso ha aderito<\/p><p><strong>BASE GIURIDICA<\/strong><br>&#8211; Legittimo interesse del Titolare<br>&#8211; Consenso dell\u2019interessato<\/p><p>I tuoi dati saranno trattati esclusivamente per la finalizzazione delle attivit\u00e0 di verifica sopra menzionate. I dati particolari (inerenti lo stato di saluto) eventualmente trattati sono necessari a tali attivit\u00e0 ed il loro trattamento avviene sulla base del consenso da te fornito al soggetto che li ha raccolti e comunicati al Titolare. <\/p><h4>Come, dove e per quanto tempo vengono conservati i tuoi dati?<\/h4><p><strong>Come<\/strong><br>Il trattamento dei dati \u00e8 eseguito attraverso supporti cartacei o procedure informatiche da parte di soggetti interni appositamente autorizzati. A questi \u00e8 consentito l\u2019accesso ai tuoi dati personali nella misura e nei limiti in cui esso \u00e8 necessario per lo svolgimento delle attivit\u00e0 di trattamento che ti riguardano. <br>Il Titolare verifica periodicamente gli strumenti mediante i quali i tuoi dati vengono trattati e le misure di sicurezza per essi previste di cui prevede l\u2019aggiornamento costante; verifica, anche per il tramite dei soggetti autorizzati al trattamento, che non siano raccolti, trattati, archiviati o conservati dati personali di cui non sia necessario il trattamento o le cui finalit\u00e0 siano nel caso esaurite; verifica che i dati siano conservati con la garanzia di integrit\u00e0 e di autenticit\u00e0 e del loro<br>uso per le finalit\u00e0 dei trattamenti effettivamente svolti.<br>Il Titolare garantisce che i dati che, anche a seguito delle verifiche, risultino eccedenti o non pertinenti non saranno utilizzati salvo che per l&rsquo;eventuale conservazione, a norma di legge, dell&rsquo;atto o del documento che li contiene.<\/p><p><strong>Dove<\/strong><br>I dati sono conservati in archivi cartacei, informatici ed elettronici, situati all\u2019interno dello spazio economico europeo, e sono assicurate misure di sicurezza adeguate.<\/p><p><strong>Quanto tempo<\/strong><br>I tuoi dati personali vengono conservati per il tempo necessario al compimento delle attivit\u00e0 legate alla gestione del contratto che hai stipulato con il Titolare e per gli adempimenti, anche di legge, che ne conseguono.<\/p><p>In particolare:<\/p><p><strong>Dati identificativi <\/strong><strong>dati contabili<\/strong><br>Durata del rapporto contrattuale<br>Sono fatti salvi:<br>&#8211; la risoluzione del contratto (a qualsiasi titolo)<br>&#8211; le finalit\u00e0 che proseguono oltre la conclusione del contratto (es. tenuta della contabilit\u00e0, art. 2220 c.c.)<br>&#8211; i termini prescrizionali: da cinque a dieci danni dalla definizione del rapporto e comunque dal momento in cui i diritti che ne dipendono possono essere esercitati (artt. 2935, 2946 e 2947 c.c.)<br>&#8211; per i dati derivanti dalle attivit\u00e0 di verifica svolte dal Titolare, i dati saranno conservati per un massimo di 24 mesi<br>Salvo, ancora, l\u2019eventuale contenzioso se comporta una proroga dei termini predetti, per il tempo necessario al perseguimento della relativa finalit\u00e0.<\/p><p>Esaurite tutte le finalit\u00e0 che legittimano la conservazione dei tuoi dati personali, il Titolare avr\u00e0 cura di cancellarli o di renderli in forma anonima.<\/p><p><strong>Quali sono i tuoi diritti?<\/strong><br>I diritti che ti sono riconosciuti ti permettono di avere sempre il controllo dei tuoi dati. I tuoi diritti sono quelli di:<br>&#8211; accesso;<br>&#8211; rettifica;<br>&#8211; cancellazione;<br>&#8211; limitazione del trattamento;<br>&#8211; opposizione al trattamento;<br>&#8211; portabilit\u00e0. <\/p><p><span style=\"text-decoration: underline;\">In sostanza tu<\/span>, in ogni momento e a titolo gratuito e senza oneri e formalit\u00e0 particolari per la tua richiesta, puoi:<\/p><p>&#8211; ottenere conferma del trattamento operato dal Titolare<br>&#8211; accedere ai tuoi dati personali e conoscerne l\u2019origine (quando i dati non sono ottenuti da te direttamente), le finalit\u00e0 e gli scopi del trattamento, i dati dei soggetti a cui essi sono comunicati, il periodo di conservazione dei tuoi dati o i criteri utili per determinarlo;<br>&#8211; aggiornare o rettificare i tuoi dati personali in modo che siano sempre esatti e accurati;<br>&#8211; cancellare i tuoi dati personali dalle banche dati e\/o dagli archivi anche di backup nel caso, tra gli altri, in cui non siano pi\u00f9 necessari per le finalit\u00e0 del trattamento o se questo si assume come illecito, e sempre se ne sussistano le condizioni previste per legge; e comunque se il trattamento non sia giustificato da un altro motivo ugualmente legittimo;<br>&#8211; limitare il trattamento dei tuoi dati personali in talune circostanze, ad esempio laddove tu ne abbia contestato l\u2019esattezza, per il periodo necessario al Titolare per verificarne l\u2019accuratezza. Tu devi essere informato, in tempi congrui, anche di quando il periodo di sospensione si sia compiuto o la causa della limitazione del trattamento sia venuta meno, e quindi la limitazione stessa revocata;<br>&#8211; ottenere i tuoi dati personali, se il loro trattamento avvenga sulla base di un contratto e con strumenti automatizzati, in formato elettronico anche al fine di trasmetterli ad altro titolare del trattamento.<br>Il Titolare dovr\u00e0 procedere in tal senso senza ritardo e, comunque, al pi\u00f9 tardi entro un mese dal ricevimento della tua richiesta. Il termine pu\u00f2 essere prorogato di due mesi, se necessario, tenuto conto della complessit\u00e0 e del numero delle richieste ricevute. In tali casi il Titolare entro un mese dal ricevimento della tua richiesta, ti informer\u00e0 e ti metter\u00e0 al corrente dei motivi della proroga. Per ogni ulteriore informazione e comunque per inviare la tua richiesta scrivi a all\u2019indirizzo <a href=\"mailto:privacy@leofrance.it\">privacy@leofrance.it<\/a> .    <\/p><p><strong>Come e quando puoi opporti al trattamento dei tuoi dati personali?<\/strong><br>Per motivi relativi alla tua situazione particolare, puoi opporti in ogni momento al trattamento dei tuoi dati personali se esso \u00e8 fondato sul legittimo interesse, inviando la tua richiesta a all\u2019indirizzo <a href=\"mailto:privacy@leofrance.it\">privacy@leofrance.it<\/a><br>Tu hai diritto alla cancellazione dei tuoi dati personali se non esiste un motivo legittimo prevalente rispetto a quello che ha dato origine alla tua richiesta.<\/p><p><strong>A chi puoi proporre reclamo?<\/strong><br>Fatta salva ogni altra azione in sede amministrativa o giudiziaria, puoi presentare un reclamo all\u2019autorit\u00e0 garante per la protezione dei dati personali, a meno che tu non risieda o non svolga la tua attivit\u00e0 lavorativa in altro Stato membro. In tale ultimo caso, o in quello in cui la violazione della normativa in materia di protezione dei dati personali avvenga in altro paese dell\u2019Ue, la competenza a ricevere e conoscere il reclamo sar\u00e0 delle autorit\u00e0 di controllo ivi stabilite. <\/p><p>Ogni aggiornamento della presente informativa ti sar\u00e0 comunicato tempestivamente e mediante mezzi congrui e altrettanto ti sar\u00e0 comunicato prima di procedervi e in tempo per prestare il tuo consenso se necessario.<\/p>\t\t\t\t\t\t\t\t<\/div>\n\t\t\t\t\t<\/div>\n\t\t\t\t<\/div>\n\t\t<div class=\"elementor-element elementor-element-9403be5 e-con-full e-flex e-con e-parent\" data-id=\"9403be5\" data-element_type=\"container\" data-e-type=\"container\" data-settings=\"{&quot;background_background&quot;:&quot;classic&quot;}\">\n\t\t\t\t<\/div>\n\t\t\t\t<\/div>\n\t\t","protected":false},"excerpt":{"rendered":"<p>Informativa essenziale Fornitori Chi \u00e8 il titolare del trattamento? Leo France S.p.A., d\u2019ora in avanti Il Titolare (50141) Firenze, via Reginaldo Giuliani, 360 Tel: 055\/42991Mail: privacy@leofrance.it Chi sono i destinatari? Responsabili esterni del trattamento ed eventuali ulteriori titolari Fornitori eventualmente coinvolti nella gestione amministrativa e contabile Consulenti Clienti informatici\/Tecnici informatici OdV Cosa sar\u00e0 fatto dei [&hellip;]<\/p>\n","protected":false},"author":1,"featured_media":0,"parent":0,"menu_order":0,"comment_status":"closed","ping_status":"closed","template":"","meta":{"footnotes":""},"class_list":["post-1829","page","type-page","status-publish","hentry"],"yoast_head":"<!-- This site is optimized with the Yoast SEO plugin v27.4 - https:\/\/yoast.com\/product\/yoast-seo-wordpress\/ -->\n<title>Politique de confidentialit\u00e9 - Leo France<\/title>\n<meta name=\"robots\" content=\"index, follow, max-snippet:-1, max-image-preview:large, max-video-preview:-1\" \/>\n<link rel=\"canonical\" href=\"https:\/\/leofrance.com\/fr\/politique-de-confidentialite\/\" \/>\n<meta property=\"og:locale\" content=\"fr_FR\" \/>\n<meta property=\"og:type\" content=\"article\" \/>\n<meta property=\"og:title\" content=\"Politique de confidentialit\u00e9 - Leo France\" \/>\n<meta property=\"og:description\" content=\"Informativa essenziale Fornitori Chi \u00e8 il titolare del trattamento? Leo France S.p.A., d\u2019ora in avanti Il Titolare (50141) Firenze, via Reginaldo Giuliani, 360 Tel: 055\/42991Mail: privacy@leofrance.it Chi sono i destinatari? Responsabili esterni del trattamento ed eventuali ulteriori titolari Fornitori eventualmente coinvolti nella gestione amministrativa e contabile Consulenti Clienti informatici\/Tecnici informatici OdV Cosa sar\u00e0 fatto dei [&hellip;]\" \/>\n<meta property=\"og:url\" content=\"https:\/\/leofrance.com\/fr\/politique-de-confidentialite\/\" \/>\n<meta property=\"og:site_name\" content=\"Leo France\" \/>\n<meta property=\"article:modified_time\" content=\"2026-04-07T13:02:02+00:00\" \/>\n<meta name=\"twitter:card\" content=\"summary_large_image\" \/>\n<meta name=\"twitter:label1\" content=\"Dur\u00e9e de lecture estim\u00e9e\" \/>\n\t<meta name=\"twitter:data1\" content=\"9 minutes\" \/>\n<script type=\"application\/ld+json\" class=\"yoast-schema-graph\">{\"@context\":\"https:\\\/\\\/schema.org\",\"@graph\":[{\"@type\":\"WebPage\",\"@id\":\"https:\\\/\\\/leofrance.com\\\/fr\\\/politique-de-confidentialite\\\/\",\"url\":\"https:\\\/\\\/leofrance.com\\\/fr\\\/politique-de-confidentialite\\\/\",\"name\":\"Politique de confidentialit\u00e9 - Leo France\",\"isPartOf\":{\"@id\":\"https:\\\/\\\/leofrance.com\\\/#website\"},\"datePublished\":\"2026-04-01T14:34:29+00:00\",\"dateModified\":\"2026-04-07T13:02:02+00:00\",\"breadcrumb\":{\"@id\":\"https:\\\/\\\/leofrance.com\\\/fr\\\/politique-de-confidentialite\\\/#breadcrumb\"},\"inLanguage\":\"fr-FR\",\"potentialAction\":[{\"@type\":\"ReadAction\",\"target\":[\"https:\\\/\\\/leofrance.com\\\/fr\\\/politique-de-confidentialite\\\/\"]}]},{\"@type\":\"BreadcrumbList\",\"@id\":\"https:\\\/\\\/leofrance.com\\\/fr\\\/politique-de-confidentialite\\\/#breadcrumb\",\"itemListElement\":[{\"@type\":\"ListItem\",\"position\":1,\"name\":\"Home\",\"item\":\"https:\\\/\\\/leofrance.com\\\/fr\\\/accueil\\\/\"},{\"@type\":\"ListItem\",\"position\":2,\"name\":\"Politique de confidentialit\u00e9\"}]},{\"@type\":\"WebSite\",\"@id\":\"https:\\\/\\\/leofrance.com\\\/#website\",\"url\":\"https:\\\/\\\/leofrance.com\\\/\",\"name\":\"Leo France\",\"description\":\"Production de bijoux fantaisie et d\u2019accessoires. Leo France r\u00e9alise des bijoux fantaisie et des accessoires pour l\u2019habillement, les sacs et d\u2019autres articles de maroquinerie.\",\"potentialAction\":[{\"@type\":\"SearchAction\",\"target\":{\"@type\":\"EntryPoint\",\"urlTemplate\":\"https:\\\/\\\/leofrance.com\\\/?s={search_term_string}\"},\"query-input\":{\"@type\":\"PropertyValueSpecification\",\"valueRequired\":true,\"valueName\":\"search_term_string\"}}],\"inLanguage\":\"fr-FR\"}]}<\/script>\n<!-- \/ Yoast SEO plugin. -->","yoast_head_json":{"title":"Politique de confidentialit\u00e9 - Leo France","robots":{"index":"index","follow":"follow","max-snippet":"max-snippet:-1","max-image-preview":"max-image-preview:large","max-video-preview":"max-video-preview:-1"},"canonical":"https:\/\/leofrance.com\/fr\/politique-de-confidentialite\/","og_locale":"fr_FR","og_type":"article","og_title":"Politique de confidentialit\u00e9 - Leo France","og_description":"Informativa essenziale Fornitori Chi \u00e8 il titolare del trattamento? Leo France S.p.A., d\u2019ora in avanti Il Titolare (50141) Firenze, via Reginaldo Giuliani, 360 Tel: 055\/42991Mail: privacy@leofrance.it Chi sono i destinatari? Responsabili esterni del trattamento ed eventuali ulteriori titolari Fornitori eventualmente coinvolti nella gestione amministrativa e contabile Consulenti Clienti informatici\/Tecnici informatici OdV Cosa sar\u00e0 fatto dei [&hellip;]","og_url":"https:\/\/leofrance.com\/fr\/politique-de-confidentialite\/","og_site_name":"Leo France","article_modified_time":"2026-04-07T13:02:02+00:00","twitter_card":"summary_large_image","twitter_misc":{"Dur\u00e9e de lecture estim\u00e9e":"9 minutes"},"schema":{"@context":"https:\/\/schema.org","@graph":[{"@type":"WebPage","@id":"https:\/\/leofrance.com\/fr\/politique-de-confidentialite\/","url":"https:\/\/leofrance.com\/fr\/politique-de-confidentialite\/","name":"Politique de confidentialit\u00e9 - Leo France","isPartOf":{"@id":"https:\/\/leofrance.com\/#website"},"datePublished":"2026-04-01T14:34:29+00:00","dateModified":"2026-04-07T13:02:02+00:00","breadcrumb":{"@id":"https:\/\/leofrance.com\/fr\/politique-de-confidentialite\/#breadcrumb"},"inLanguage":"fr-FR","potentialAction":[{"@type":"ReadAction","target":["https:\/\/leofrance.com\/fr\/politique-de-confidentialite\/"]}]},{"@type":"BreadcrumbList","@id":"https:\/\/leofrance.com\/fr\/politique-de-confidentialite\/#breadcrumb","itemListElement":[{"@type":"ListItem","position":1,"name":"Home","item":"https:\/\/leofrance.com\/fr\/accueil\/"},{"@type":"ListItem","position":2,"name":"Politique de confidentialit\u00e9"}]},{"@type":"WebSite","@id":"https:\/\/leofrance.com\/#website","url":"https:\/\/leofrance.com\/","name":"Leo France","description":"Production de bijoux fantaisie et d\u2019accessoires. Leo France r\u00e9alise des bijoux fantaisie et des accessoires pour l\u2019habillement, les sacs et d\u2019autres articles de maroquinerie.","potentialAction":[{"@type":"SearchAction","target":{"@type":"EntryPoint","urlTemplate":"https:\/\/leofrance.com\/?s={search_term_string}"},"query-input":{"@type":"PropertyValueSpecification","valueRequired":true,"valueName":"search_term_string"}}],"inLanguage":"fr-FR"}]}},"_links":{"self":[{"href":"https:\/\/leofrance.com\/fr\/wp-json\/wp\/v2\/pages\/1829","targetHints":{"allow":["GET"]}}],"collection":[{"href":"https:\/\/leofrance.com\/fr\/wp-json\/wp\/v2\/pages"}],"about":[{"href":"https:\/\/leofrance.com\/fr\/wp-json\/wp\/v2\/types\/page"}],"author":[{"embeddable":true,"href":"https:\/\/leofrance.com\/fr\/wp-json\/wp\/v2\/users\/1"}],"replies":[{"embeddable":true,"href":"https:\/\/leofrance.com\/fr\/wp-json\/wp\/v2\/comments?post=1829"}],"version-history":[{"count":0,"href":"https:\/\/leofrance.com\/fr\/wp-json\/wp\/v2\/pages\/1829\/revisions"}],"wp:attachment":[{"href":"https:\/\/leofrance.com\/fr\/wp-json\/wp\/v2\/media?parent=1829"}],"curies":[{"name":"wp","href":"https:\/\/api.w.org\/{rel}","templated":true}]}}