{"id":1732,"date":"2026-01-27T15:03:40","date_gmt":"2026-01-27T15:03:40","guid":{"rendered":"https:\/\/leofrance.com\/accueil\/"},"modified":"2026-04-02T07:39:00","modified_gmt":"2026-04-02T07:39:00","slug":"accueil","status":"publish","type":"page","link":"https:\/\/leofrance.com\/fr\/","title":{"rendered":"Accueil"},"content":{"rendered":"\t\t<div data-elementor-type=\"wp-page\" data-elementor-id=\"1732\" class=\"elementor elementor-1732 elementor-929\" data-elementor-post-type=\"page\">\n\t\t\t\t<div class=\"elementor-element elementor-element-458de6cf e-con-full e-flex e-con e-parent\" data-id=\"458de6cf\" data-element_type=\"container\" data-e-type=\"container\" data-settings=\"{&quot;background_background&quot;:&quot;video&quot;,&quot;background_video_link&quot;:&quot;leofrance&quot;,&quot;background_play_on_mobile&quot;:&quot;yes&quot;}\">\n\t\t<div class=\"elementor-background-video-container\">\n\t\t\t\t\t\t\t<video class=\"elementor-background-video-hosted\" role=\"presentation\" autoplay muted playsinline loop><\/video>\n\t\t\t\t\t<\/div>\t\t<\/div>\n\t\t<div class=\"elementor-element elementor-element-178cbac e-flex e-con-boxed e-con e-parent\" data-id=\"178cbac\" data-element_type=\"container\" data-e-type=\"container\" data-settings=\"{&quot;background_background&quot;:&quot;classic&quot;}\">\n\t\t\t\t\t<div class=\"e-con-inner\">\n\t\t<div class=\"elementor-element elementor-element-d277cdf e-flex e-con-boxed e-con e-child\" data-id=\"d277cdf\" data-element_type=\"container\" data-e-type=\"container\">\n\t\t\t\t\t<div class=\"e-con-inner\">\n\t\t\t\t<div class=\"elementor-element elementor-element-d48f9f9 elementor-widget__width-initial elementor-widget elementor-widget-text-editor\" data-id=\"d48f9f9\" data-element_type=\"widget\" data-e-type=\"widget\" data-widget_type=\"text-editor.default\">\n\t\t\t\t\t\t\t\t\t<p>Depuis 60 ans, Leo France r\u00e9alise des bijoux fantaisie et des accessoires pour les plus grandes marques de mode au niveau mondial.<\/p>\t\t\t\t\t\t\t\t<\/div>\n\t\t\t\t\t<\/div>\n\t\t\t\t<\/div>\n\t\t<div class=\"elementor-element elementor-element-919aaa3 e-flex e-con-boxed e-con e-child\" data-id=\"919aaa3\" data-element_type=\"container\" data-e-type=\"container\" data-settings=\"{&quot;background_background&quot;:&quot;classic&quot;}\">\n\t\t\t\t\t<div class=\"e-con-inner\">\n\t\t\t\t\t<\/div>\n\t\t\t\t<\/div>\n\t\t\t\t\t<\/div>\n\t\t\t\t<\/div>\n\t\t<div class=\"elementor-element elementor-element-b92e439 e-flex e-con-boxed e-con e-parent\" data-id=\"b92e439\" data-element_type=\"container\" data-e-type=\"container\" data-settings=\"{&quot;background_background&quot;:&quot;classic&quot;}\">\n\t\t\t\t\t<div class=\"e-con-inner\">\n\t\t\t\t\t<\/div>\n\t\t\t\t<\/div>\n\t\t<div class=\"elementor-element elementor-element-18a9d97 e-con-full e-flex e-con e-parent\" data-id=\"18a9d97\" data-element_type=\"container\" data-e-type=\"container\" data-settings=\"{&quot;background_background&quot;:&quot;classic&quot;}\">\n\t\t<div class=\"elementor-element elementor-element-96da813 e-con-full e-flex e-con e-child\" data-id=\"96da813\" data-element_type=\"container\" data-e-type=\"container\" data-settings=\"{&quot;background_background&quot;:&quot;classic&quot;,&quot;background_motion_fx_motion_fx_scrolling&quot;:&quot;yes&quot;,&quot;background_motion_fx_scale_effect&quot;:&quot;yes&quot;,&quot;background_motion_fx_scale_speed&quot;:{&quot;unit&quot;:&quot;px&quot;,&quot;size&quot;:2,&quot;sizes&quot;:[]},&quot;background_motion_fx_scale_range&quot;:{&quot;unit&quot;:&quot;%&quot;,&quot;size&quot;:&quot;&quot;,&quot;sizes&quot;:{&quot;start&quot;:0,&quot;end&quot;:80}},&quot;background_motion_fx_scale_direction&quot;:&quot;out-in&quot;,&quot;background_motion_fx_devices&quot;:[&quot;desktop&quot;,&quot;laptop&quot;,&quot;tablet_extra&quot;,&quot;tablet&quot;,&quot;mobile&quot;]}\">\n\t\t\t\t<\/div>\n\t\t<div class=\"elementor-element elementor-element-4cbeac0 e-con-full e-flex e-con e-child\" data-id=\"4cbeac0\" data-element_type=\"container\" data-e-type=\"container\">\n\t\t\t\t<div class=\"elementor-element elementor-element-b5230cb elementor-widget__width-initial elementor-widget elementor-widget-text-editor\" data-id=\"b5230cb\" data-element_type=\"widget\" data-e-type=\"widget\" data-widget_type=\"text-editor.default\">\n\t\t\t\t\t\t\t\t\t<p>Au fil du temps, l\u2019entreprise est devenue une r\u00e9f\u00e9rence importante dans le secteur des petites pi\u00e8ces m\u00e9talliques, en r\u00e9alisant des articles de haute qualit\u00e9 technique et stylistique.<\/p>\t\t\t\t\t\t\t\t<\/div>\n\t\t\t\t<\/div>\n\t\t\t\t<\/div>\n\t\t<div class=\"elementor-element elementor-element-cea489e e-flex e-con-boxed e-con e-parent\" data-id=\"cea489e\" data-element_type=\"container\" data-e-type=\"container\" data-settings=\"{&quot;background_background&quot;:&quot;classic&quot;,&quot;background_motion_fx_motion_fx_scrolling&quot;:&quot;yes&quot;,&quot;background_motion_fx_devices&quot;:[&quot;desktop&quot;,&quot;laptop&quot;,&quot;tablet_extra&quot;,&quot;tablet&quot;,&quot;mobile&quot;]}\">\n\t\t\t\t\t<div class=\"e-con-inner\">\n\t\t\t\t\t<\/div>\n\t\t\t\t<\/div>\n\t\t<div class=\"elementor-element elementor-element-992eec1 e-flex e-con-boxed e-con e-parent\" data-id=\"992eec1\" data-element_type=\"container\" data-e-type=\"container\" data-settings=\"{&quot;background_background&quot;:&quot;classic&quot;}\">\n\t\t\t\t\t<div class=\"e-con-inner\">\n\t\t\t\t\t<\/div>\n\t\t\t\t<\/div>\n\t\t\t\t<\/div>\n\t\t","protected":false},"excerpt":{"rendered":"<p>Depuis 60 ans, Leo France r\u00e9alise des bijoux fantaisie et des accessoires pour les plus grandes marques de mode au niveau mondial. Au fil du temps, l\u2019entreprise est devenue une r\u00e9f\u00e9rence importante dans le secteur des petites pi\u00e8ces m\u00e9talliques, en r\u00e9alisant des articles de haute qualit\u00e9 technique et stylistique.<\/p>\n","protected":false},"author":1,"featured_media":0,"parent":0,"menu_order":0,"comment_status":"closed","ping_status":"closed","template":"","meta":{"footnotes":""},"class_list":["post-1732","page","type-page","status-publish","hentry"],"yoast_head":"<!-- This site is optimized with the Yoast SEO plugin v27.4 - https:\/\/yoast.com\/product\/yoast-seo-wordpress\/ -->\n<title>Accueil - Leo France<\/title>\n<meta name=\"robots\" content=\"index, follow, max-snippet:-1, max-image-preview:large, max-video-preview:-1\" \/>\n<link rel=\"canonical\" href=\"https:\/\/leofrance.com\/fr\/accueil\/\" \/>\n<meta property=\"og:locale\" content=\"fr_FR\" \/>\n<meta property=\"og:type\" content=\"article\" \/>\n<meta property=\"og:title\" content=\"Accueil - Leo France\" \/>\n<meta property=\"og:description\" content=\"Depuis 60 ans, Leo France r\u00e9alise des bijoux fantaisie et des accessoires pour les plus grandes marques de mode au niveau mondial. Au fil du temps, l\u2019entreprise est devenue une r\u00e9f\u00e9rence importante dans le secteur des petites pi\u00e8ces m\u00e9talliques, en r\u00e9alisant des articles de haute qualit\u00e9 technique et stylistique.\" \/>\n<meta property=\"og:url\" content=\"https:\/\/leofrance.com\/fr\/accueil\/\" \/>\n<meta property=\"og:site_name\" content=\"Leo France\" \/>\n<meta property=\"article:modified_time\" content=\"2026-04-02T07:39:00+00:00\" \/>\n<meta name=\"twitter:card\" content=\"summary_large_image\" \/>\n<script type=\"application\/ld+json\" class=\"yoast-schema-graph\">{\"@context\":\"https:\\\/\\\/schema.org\",\"@graph\":[{\"@type\":\"WebPage\",\"@id\":\"https:\\\/\\\/leofrance.com\\\/fr\\\/accueil\\\/\",\"url\":\"https:\\\/\\\/leofrance.com\\\/fr\\\/accueil\\\/\",\"name\":\"Accueil - Leo France\",\"isPartOf\":{\"@id\":\"https:\\\/\\\/leofrance.com\\\/#website\"},\"datePublished\":\"2026-01-27T15:03:40+00:00\",\"dateModified\":\"2026-04-02T07:39:00+00:00\",\"breadcrumb\":{\"@id\":\"https:\\\/\\\/leofrance.com\\\/fr\\\/accueil\\\/#breadcrumb\"},\"inLanguage\":\"fr-FR\",\"potentialAction\":[{\"@type\":\"ReadAction\",\"target\":[\"https:\\\/\\\/leofrance.com\\\/fr\\\/accueil\\\/\"]}]},{\"@type\":\"BreadcrumbList\",\"@id\":\"https:\\\/\\\/leofrance.com\\\/fr\\\/accueil\\\/#breadcrumb\",\"itemListElement\":[{\"@type\":\"ListItem\",\"position\":1,\"name\":\"Home\",\"item\":\"https:\\\/\\\/leofrance.com\\\/fr\\\/accueil\\\/\"},{\"@type\":\"ListItem\",\"position\":2,\"name\":\"Accueil\"}]},{\"@type\":\"WebSite\",\"@id\":\"https:\\\/\\\/leofrance.com\\\/#website\",\"url\":\"https:\\\/\\\/leofrance.com\\\/\",\"name\":\"Leo France\",\"description\":\"Production de bijoux fantaisie et d\u2019accessoires. Leo France r\u00e9alise des bijoux fantaisie et des accessoires pour l\u2019habillement, les sacs et d\u2019autres articles de maroquinerie.\",\"potentialAction\":[{\"@type\":\"SearchAction\",\"target\":{\"@type\":\"EntryPoint\",\"urlTemplate\":\"https:\\\/\\\/leofrance.com\\\/?s={search_term_string}\"},\"query-input\":{\"@type\":\"PropertyValueSpecification\",\"valueRequired\":true,\"valueName\":\"search_term_string\"}}],\"inLanguage\":\"fr-FR\"}]}<\/script>\n<!-- \/ Yoast SEO plugin. -->","yoast_head_json":{"title":"Accueil - Leo France","robots":{"index":"index","follow":"follow","max-snippet":"max-snippet:-1","max-image-preview":"max-image-preview:large","max-video-preview":"max-video-preview:-1"},"canonical":"https:\/\/leofrance.com\/fr\/accueil\/","og_locale":"fr_FR","og_type":"article","og_title":"Accueil - Leo France","og_description":"Depuis 60 ans, Leo France r\u00e9alise des bijoux fantaisie et des accessoires pour les plus grandes marques de mode au niveau mondial. Au fil du temps, l\u2019entreprise est devenue une r\u00e9f\u00e9rence importante dans le secteur des petites pi\u00e8ces m\u00e9talliques, en r\u00e9alisant des articles de haute qualit\u00e9 technique et stylistique.","og_url":"https:\/\/leofrance.com\/fr\/accueil\/","og_site_name":"Leo France","article_modified_time":"2026-04-02T07:39:00+00:00","twitter_card":"summary_large_image","schema":{"@context":"https:\/\/schema.org","@graph":[{"@type":"WebPage","@id":"https:\/\/leofrance.com\/fr\/accueil\/","url":"https:\/\/leofrance.com\/fr\/accueil\/","name":"Accueil - Leo France","isPartOf":{"@id":"https:\/\/leofrance.com\/#website"},"datePublished":"2026-01-27T15:03:40+00:00","dateModified":"2026-04-02T07:39:00+00:00","breadcrumb":{"@id":"https:\/\/leofrance.com\/fr\/accueil\/#breadcrumb"},"inLanguage":"fr-FR","potentialAction":[{"@type":"ReadAction","target":["https:\/\/leofrance.com\/fr\/accueil\/"]}]},{"@type":"BreadcrumbList","@id":"https:\/\/leofrance.com\/fr\/accueil\/#breadcrumb","itemListElement":[{"@type":"ListItem","position":1,"name":"Home","item":"https:\/\/leofrance.com\/fr\/accueil\/"},{"@type":"ListItem","position":2,"name":"Accueil"}]},{"@type":"WebSite","@id":"https:\/\/leofrance.com\/#website","url":"https:\/\/leofrance.com\/","name":"Leo France","description":"Production de bijoux fantaisie et d\u2019accessoires. Leo France r\u00e9alise des bijoux fantaisie et des accessoires pour l\u2019habillement, les sacs et d\u2019autres articles de maroquinerie.","potentialAction":[{"@type":"SearchAction","target":{"@type":"EntryPoint","urlTemplate":"https:\/\/leofrance.com\/?s={search_term_string}"},"query-input":{"@type":"PropertyValueSpecification","valueRequired":true,"valueName":"search_term_string"}}],"inLanguage":"fr-FR"}]}},"_links":{"self":[{"href":"https:\/\/leofrance.com\/fr\/wp-json\/wp\/v2\/pages\/1732","targetHints":{"allow":["GET"]}}],"collection":[{"href":"https:\/\/leofrance.com\/fr\/wp-json\/wp\/v2\/pages"}],"about":[{"href":"https:\/\/leofrance.com\/fr\/wp-json\/wp\/v2\/types\/page"}],"author":[{"embeddable":true,"href":"https:\/\/leofrance.com\/fr\/wp-json\/wp\/v2\/users\/1"}],"replies":[{"embeddable":true,"href":"https:\/\/leofrance.com\/fr\/wp-json\/wp\/v2\/comments?post=1732"}],"version-history":[{"count":0,"href":"https:\/\/leofrance.com\/fr\/wp-json\/wp\/v2\/pages\/1732\/revisions"}],"wp:attachment":[{"href":"https:\/\/leofrance.com\/fr\/wp-json\/wp\/v2\/media?parent=1732"}],"curies":[{"name":"wp","href":"https:\/\/api.w.org\/{rel}","templated":true}]}}