{"id":1715,"date":"2026-02-26T15:27:40","date_gmt":"2026-02-26T15:27:40","guid":{"rendered":"https:\/\/leofrance.com\/identite\/"},"modified":"2026-03-16T11:45:04","modified_gmt":"2026-03-16T11:45:04","slug":"identite","status":"publish","type":"page","link":"https:\/\/leofrance.com\/fr\/identite\/","title":{"rendered":"Identit\u00e9"},"content":{"rendered":"\t\t<div data-elementor-type=\"wp-page\" data-elementor-id=\"1715\" class=\"elementor elementor-1715 elementor-1168\" data-elementor-post-type=\"page\">\n\t\t\t\t<div class=\"elementor-element elementor-element-c8397a0 e-flex e-con-boxed e-con e-parent\" data-id=\"c8397a0\" data-element_type=\"container\" data-e-type=\"container\" data-settings=\"{&quot;background_background&quot;:&quot;classic&quot;}\">\n\t\t\t\t\t<div class=\"e-con-inner\">\n\t\t\t\t\t<\/div>\n\t\t\t\t<\/div>\n\t\t<div class=\"elementor-element elementor-element-d2c5236 e-con-full e-flex e-con e-parent\" data-id=\"d2c5236\" data-element_type=\"container\" data-e-type=\"container\" data-settings=\"{&quot;background_background&quot;:&quot;classic&quot;}\">\n\t\t<div class=\"elementor-element elementor-element-7ac80f6 e-con-full e-flex e-con e-child\" data-id=\"7ac80f6\" data-element_type=\"container\" data-e-type=\"container\" data-settings=\"{&quot;background_background&quot;:&quot;classic&quot;,&quot;background_motion_fx_motion_fx_scrolling&quot;:&quot;yes&quot;,&quot;background_motion_fx_translateY_effect&quot;:&quot;yes&quot;,&quot;background_motion_fx_translateY_speed&quot;:{&quot;unit&quot;:&quot;px&quot;,&quot;size&quot;:4,&quot;sizes&quot;:[]},&quot;background_motion_fx_translateY_affectedRange&quot;:{&quot;unit&quot;:&quot;%&quot;,&quot;size&quot;:&quot;&quot;,&quot;sizes&quot;:{&quot;start&quot;:0,&quot;end&quot;:100}},&quot;background_motion_fx_devices&quot;:[&quot;desktop&quot;,&quot;laptop&quot;,&quot;tablet_extra&quot;,&quot;tablet&quot;,&quot;mobile&quot;]}\">\n\t\t\t\t<\/div>\n\t\t<div class=\"elementor-element elementor-element-ce7ad85 e-con-full e-flex e-con e-child\" data-id=\"ce7ad85\" data-element_type=\"container\" data-e-type=\"container\">\n\t\t\t\t<div class=\"elementor-element elementor-element-8364974 elementor-widget__width-initial elementor-widget elementor-widget-text-editor\" data-id=\"8364974\" data-element_type=\"widget\" data-e-type=\"widget\" data-widget_type=\"text-editor.default\">\n\t\t\t\t\t\t\t\t\t<p>Leo France op\u00e8re avec l\u2019appui d\u2019un personnel hautement qualifi\u00e9 et repr\u00e9sente une combinaison r\u00e9ussie d\u2019exp\u00e9rience et de savoir-faire artisanal, associ\u00e9s \u00e0 des proc\u00e9d\u00e9s de fabrication r\u00e9alis\u00e9s \u00e0 l\u2019aide de machines de haute technologie.&nbsp;<\/p>\t\t\t\t\t\t\t\t<\/div>\n\t\t\t\t<\/div>\n\t\t\t\t<\/div>\n\t\t<div class=\"elementor-element elementor-element-7e83f94 e-con-full e-flex e-con e-parent\" data-id=\"7e83f94\" data-element_type=\"container\" data-e-type=\"container\" data-settings=\"{&quot;background_background&quot;:&quot;classic&quot;}\">\n\t\t<div class=\"elementor-element elementor-element-b27bd1d e-con-full e-flex e-con e-child\" data-id=\"b27bd1d\" data-element_type=\"container\" data-e-type=\"container\" data-settings=\"{&quot;background_background&quot;:&quot;classic&quot;}\">\n\t\t\t\t<\/div>\n\t\t<div class=\"elementor-element elementor-element-dad4070 e-con-full e-flex e-con e-child\" data-id=\"dad4070\" data-element_type=\"container\" data-e-type=\"container\" data-settings=\"{&quot;background_background&quot;:&quot;classic&quot;}\">\n\t\t\t\t<\/div>\n\t\t\t\t<\/div>\n\t\t<div class=\"elementor-element elementor-element-4bd1635 e-flex e-con-boxed e-con e-parent\" data-id=\"4bd1635\" data-element_type=\"container\" data-e-type=\"container\" data-settings=\"{&quot;background_background&quot;:&quot;classic&quot;}\">\n\t\t\t\t\t<div class=\"e-con-inner\">\n\t\t\t\t<div class=\"elementor-element elementor-element-39279af elementor-widget__width-initial elementor-widget elementor-widget-text-editor\" data-id=\"39279af\" data-element_type=\"widget\" data-e-type=\"widget\" data-widget_type=\"text-editor.default\">\n\t\t\t\t\t\t\t\t\t<p>Le choix des mat\u00e9riaux et le type de transformation sont essentiels pour la r\u00e9ussite du produit final et pour r\u00e9pondre aux exigences d\u2019un march\u00e9 tr\u00e8s dynamique.<\/p>\t\t\t\t\t\t\t\t<\/div>\n\t\t\t\t\t<\/div>\n\t\t\t\t<\/div>\n\t\t<div class=\"elementor-element elementor-element-f3a7d48 e-flex e-con-boxed e-con e-parent\" data-id=\"f3a7d48\" data-element_type=\"container\" data-e-type=\"container\" data-settings=\"{&quot;background_background&quot;:&quot;classic&quot;}\">\n\t\t\t\t\t<div class=\"e-con-inner\">\n\t\t\t\t\t<\/div>\n\t\t\t\t<\/div>\n\t\t<div class=\"elementor-element elementor-element-02df88a e-flex e-con-boxed e-con e-parent\" data-id=\"02df88a\" data-element_type=\"container\" data-e-type=\"container\" data-settings=\"{&quot;background_background&quot;:&quot;classic&quot;}\">\n\t\t\t\t\t<div class=\"e-con-inner\">\n\t\t\t\t\t<\/div>\n\t\t\t\t<\/div>\n\t\t\t\t<\/div>\n\t\t","protected":false},"excerpt":{"rendered":"<p>Leo France op\u00e8re avec l\u2019appui d\u2019un personnel hautement qualifi\u00e9 et repr\u00e9sente une combinaison r\u00e9ussie d\u2019exp\u00e9rience et de savoir-faire artisanal, associ\u00e9s \u00e0 des proc\u00e9d\u00e9s de fabrication r\u00e9alis\u00e9s \u00e0 l\u2019aide de machines de haute technologie.&nbsp; Le choix des mat\u00e9riaux et le type de transformation sont essentiels pour la r\u00e9ussite du produit final et pour r\u00e9pondre aux exigences [&hellip;]<\/p>\n","protected":false},"author":1,"featured_media":0,"parent":0,"menu_order":0,"comment_status":"closed","ping_status":"closed","template":"","meta":{"footnotes":""},"class_list":["post-1715","page","type-page","status-publish","hentry"],"yoast_head":"<!-- This site is optimized with the Yoast SEO plugin v27.4 - https:\/\/yoast.com\/product\/yoast-seo-wordpress\/ -->\n<title>Identit\u00e9 - Leo France<\/title>\n<meta name=\"robots\" content=\"index, follow, max-snippet:-1, max-image-preview:large, max-video-preview:-1\" \/>\n<link rel=\"canonical\" href=\"https:\/\/leofrance.com\/fr\/identite\/\" \/>\n<meta property=\"og:locale\" content=\"fr_FR\" \/>\n<meta property=\"og:type\" content=\"article\" \/>\n<meta property=\"og:title\" content=\"Identit\u00e9 - Leo France\" \/>\n<meta property=\"og:description\" content=\"Leo France op\u00e8re avec l\u2019appui d\u2019un personnel hautement qualifi\u00e9 et repr\u00e9sente une combinaison r\u00e9ussie d\u2019exp\u00e9rience et de savoir-faire artisanal, associ\u00e9s \u00e0 des proc\u00e9d\u00e9s de fabrication r\u00e9alis\u00e9s \u00e0 l\u2019aide de machines de haute technologie.&nbsp; Le choix des mat\u00e9riaux et le type de transformation sont essentiels pour la r\u00e9ussite du produit final et pour r\u00e9pondre aux exigences [&hellip;]\" \/>\n<meta property=\"og:url\" content=\"https:\/\/leofrance.com\/fr\/identite\/\" \/>\n<meta property=\"og:site_name\" content=\"Leo France\" \/>\n<meta property=\"article:modified_time\" content=\"2026-03-16T11:45:04+00:00\" \/>\n<meta name=\"twitter:card\" content=\"summary_large_image\" \/>\n<script type=\"application\/ld+json\" class=\"yoast-schema-graph\">{\"@context\":\"https:\\\/\\\/schema.org\",\"@graph\":[{\"@type\":\"WebPage\",\"@id\":\"https:\\\/\\\/leofrance.com\\\/fr\\\/identite\\\/\",\"url\":\"https:\\\/\\\/leofrance.com\\\/fr\\\/identite\\\/\",\"name\":\"Identit\u00e9 - Leo France\",\"isPartOf\":{\"@id\":\"https:\\\/\\\/leofrance.com\\\/#website\"},\"datePublished\":\"2026-02-26T15:27:40+00:00\",\"dateModified\":\"2026-03-16T11:45:04+00:00\",\"breadcrumb\":{\"@id\":\"https:\\\/\\\/leofrance.com\\\/fr\\\/identite\\\/#breadcrumb\"},\"inLanguage\":\"fr-FR\",\"potentialAction\":[{\"@type\":\"ReadAction\",\"target\":[\"https:\\\/\\\/leofrance.com\\\/fr\\\/identite\\\/\"]}]},{\"@type\":\"BreadcrumbList\",\"@id\":\"https:\\\/\\\/leofrance.com\\\/fr\\\/identite\\\/#breadcrumb\",\"itemListElement\":[{\"@type\":\"ListItem\",\"position\":1,\"name\":\"Home\",\"item\":\"https:\\\/\\\/leofrance.com\\\/fr\\\/accueil\\\/\"},{\"@type\":\"ListItem\",\"position\":2,\"name\":\"Identit\u00e9\"}]},{\"@type\":\"WebSite\",\"@id\":\"https:\\\/\\\/leofrance.com\\\/#website\",\"url\":\"https:\\\/\\\/leofrance.com\\\/\",\"name\":\"Leo France\",\"description\":\"Production de bijoux fantaisie et d\u2019accessoires. Leo France r\u00e9alise des bijoux fantaisie et des accessoires pour l\u2019habillement, les sacs et d\u2019autres articles de maroquinerie.\",\"potentialAction\":[{\"@type\":\"SearchAction\",\"target\":{\"@type\":\"EntryPoint\",\"urlTemplate\":\"https:\\\/\\\/leofrance.com\\\/?s={search_term_string}\"},\"query-input\":{\"@type\":\"PropertyValueSpecification\",\"valueRequired\":true,\"valueName\":\"search_term_string\"}}],\"inLanguage\":\"fr-FR\"}]}<\/script>\n<!-- \/ Yoast SEO plugin. -->","yoast_head_json":{"title":"Identit\u00e9 - Leo France","robots":{"index":"index","follow":"follow","max-snippet":"max-snippet:-1","max-image-preview":"max-image-preview:large","max-video-preview":"max-video-preview:-1"},"canonical":"https:\/\/leofrance.com\/fr\/identite\/","og_locale":"fr_FR","og_type":"article","og_title":"Identit\u00e9 - Leo France","og_description":"Leo France op\u00e8re avec l\u2019appui d\u2019un personnel hautement qualifi\u00e9 et repr\u00e9sente une combinaison r\u00e9ussie d\u2019exp\u00e9rience et de savoir-faire artisanal, associ\u00e9s \u00e0 des proc\u00e9d\u00e9s de fabrication r\u00e9alis\u00e9s \u00e0 l\u2019aide de machines de haute technologie.&nbsp; Le choix des mat\u00e9riaux et le type de transformation sont essentiels pour la r\u00e9ussite du produit final et pour r\u00e9pondre aux exigences [&hellip;]","og_url":"https:\/\/leofrance.com\/fr\/identite\/","og_site_name":"Leo France","article_modified_time":"2026-03-16T11:45:04+00:00","twitter_card":"summary_large_image","schema":{"@context":"https:\/\/schema.org","@graph":[{"@type":"WebPage","@id":"https:\/\/leofrance.com\/fr\/identite\/","url":"https:\/\/leofrance.com\/fr\/identite\/","name":"Identit\u00e9 - Leo France","isPartOf":{"@id":"https:\/\/leofrance.com\/#website"},"datePublished":"2026-02-26T15:27:40+00:00","dateModified":"2026-03-16T11:45:04+00:00","breadcrumb":{"@id":"https:\/\/leofrance.com\/fr\/identite\/#breadcrumb"},"inLanguage":"fr-FR","potentialAction":[{"@type":"ReadAction","target":["https:\/\/leofrance.com\/fr\/identite\/"]}]},{"@type":"BreadcrumbList","@id":"https:\/\/leofrance.com\/fr\/identite\/#breadcrumb","itemListElement":[{"@type":"ListItem","position":1,"name":"Home","item":"https:\/\/leofrance.com\/fr\/accueil\/"},{"@type":"ListItem","position":2,"name":"Identit\u00e9"}]},{"@type":"WebSite","@id":"https:\/\/leofrance.com\/#website","url":"https:\/\/leofrance.com\/","name":"Leo France","description":"Production de bijoux fantaisie et d\u2019accessoires. Leo France r\u00e9alise des bijoux fantaisie et des accessoires pour l\u2019habillement, les sacs et d\u2019autres articles de maroquinerie.","potentialAction":[{"@type":"SearchAction","target":{"@type":"EntryPoint","urlTemplate":"https:\/\/leofrance.com\/?s={search_term_string}"},"query-input":{"@type":"PropertyValueSpecification","valueRequired":true,"valueName":"search_term_string"}}],"inLanguage":"fr-FR"}]}},"_links":{"self":[{"href":"https:\/\/leofrance.com\/fr\/wp-json\/wp\/v2\/pages\/1715","targetHints":{"allow":["GET"]}}],"collection":[{"href":"https:\/\/leofrance.com\/fr\/wp-json\/wp\/v2\/pages"}],"about":[{"href":"https:\/\/leofrance.com\/fr\/wp-json\/wp\/v2\/types\/page"}],"author":[{"embeddable":true,"href":"https:\/\/leofrance.com\/fr\/wp-json\/wp\/v2\/users\/1"}],"replies":[{"embeddable":true,"href":"https:\/\/leofrance.com\/fr\/wp-json\/wp\/v2\/comments?post=1715"}],"version-history":[{"count":0,"href":"https:\/\/leofrance.com\/fr\/wp-json\/wp\/v2\/pages\/1715\/revisions"}],"wp:attachment":[{"href":"https:\/\/leofrance.com\/fr\/wp-json\/wp\/v2\/media?parent=1715"}],"curies":[{"name":"wp","href":"https:\/\/api.w.org\/{rel}","templated":true}]}}