{"id":1680,"date":"2026-02-26T14:13:41","date_gmt":"2026-02-26T14:13:41","guid":{"rendered":"https:\/\/leofrance.com\/culture-du-savoir-faire\/"},"modified":"2026-04-14T13:40:38","modified_gmt":"2026-04-14T13:40:38","slug":"culture-du-savoir-faire","status":"publish","type":"page","link":"https:\/\/leofrance.com\/fr\/culture-du-savoir-faire\/","title":{"rendered":"Culture du savoir-faire"},"content":{"rendered":"\t\t<div data-elementor-type=\"wp-page\" data-elementor-id=\"1680\" class=\"elementor elementor-1680 elementor-1146\" data-elementor-post-type=\"page\">\n\t\t\t\t<div class=\"elementor-element elementor-element-c8397a0 e-flex e-con-boxed e-con e-parent\" data-id=\"c8397a0\" data-element_type=\"container\" data-e-type=\"container\" data-settings=\"{&quot;background_background&quot;:&quot;classic&quot;}\">\n\t\t\t\t\t<div class=\"e-con-inner\">\n\t\t\t\t\t<\/div>\n\t\t\t\t<\/div>\n\t\t<div class=\"elementor-element elementor-element-d2c5236 e-con-full e-flex e-con e-parent\" data-id=\"d2c5236\" data-element_type=\"container\" data-e-type=\"container\" data-settings=\"{&quot;background_background&quot;:&quot;classic&quot;}\">\n\t\t<div class=\"elementor-element elementor-element-ce7ad85 e-con-full e-flex e-con e-child\" data-id=\"ce7ad85\" data-element_type=\"container\" data-e-type=\"container\">\n\t\t\t\t<div class=\"elementor-element elementor-element-8364974 elementor-widget__width-initial elementor-widget elementor-widget-text-editor\" data-id=\"8364974\" data-element_type=\"widget\" data-e-type=\"widget\" data-widget_type=\"text-editor.default\">\n\t\t\t\t\t\t\t\t\t<p>Leo France fabrique \u00e0 la fois des bijoux fantaisie et des accessoires pour v\u00eatements et sacs.<\/p>\t\t\t\t\t\t\t\t<\/div>\n\t\t\t\t<div class=\"elementor-element elementor-element-ed1782f elementor-widget__width-initial elementor-widget elementor-widget-text-editor\" data-id=\"ed1782f\" data-element_type=\"widget\" data-e-type=\"widget\" data-widget_type=\"text-editor.default\">\n\t\t\t\t\t\t\t\t\t<p>Nous transformons les id\u00e9es propos\u00e9es par les grandes maisons de mode en articles de grande qualit\u00e9.<\/p>\t\t\t\t\t\t\t\t<\/div>\n\t\t\t\t<\/div>\n\t\t<div class=\"elementor-element elementor-element-7ac80f6 e-con-full e-flex e-con e-child\" data-id=\"7ac80f6\" data-element_type=\"container\" data-e-type=\"container\" data-settings=\"{&quot;background_background&quot;:&quot;classic&quot;,&quot;background_motion_fx_motion_fx_scrolling&quot;:&quot;yes&quot;,&quot;background_motion_fx_translateY_effect&quot;:&quot;yes&quot;,&quot;background_motion_fx_translateY_speed&quot;:{&quot;unit&quot;:&quot;px&quot;,&quot;size&quot;:2,&quot;sizes&quot;:[]},&quot;background_motion_fx_translateY_affectedRange&quot;:{&quot;unit&quot;:&quot;%&quot;,&quot;size&quot;:&quot;&quot;,&quot;sizes&quot;:{&quot;start&quot;:0,&quot;end&quot;:100}},&quot;background_motion_fx_devices&quot;:[&quot;desktop&quot;,&quot;laptop&quot;,&quot;tablet_extra&quot;,&quot;tablet&quot;,&quot;mobile&quot;]}\">\n\t\t\t\t<\/div>\n\t\t\t\t<\/div>\n\t\t<div class=\"elementor-element elementor-element-854880b e-flex e-con-boxed e-con e-parent\" data-id=\"854880b\" data-element_type=\"container\" data-e-type=\"container\" data-settings=\"{&quot;background_background&quot;:&quot;classic&quot;}\">\n\t\t\t\t\t<div class=\"e-con-inner\">\n\t\t\t\t\t<\/div>\n\t\t\t\t<\/div>\n\t\t<div class=\"elementor-element elementor-element-8e3b1f1 e-flex e-con-boxed e-con e-parent\" data-id=\"8e3b1f1\" data-element_type=\"container\" data-e-type=\"container\" data-settings=\"{&quot;background_background&quot;:&quot;classic&quot;}\">\n\t\t\t\t\t<div class=\"e-con-inner\">\n\t\t\t\t<div class=\"elementor-element elementor-element-3a3bd89 elementor-widget elementor-widget-image\" data-id=\"3a3bd89\" data-element_type=\"widget\" data-e-type=\"widget\" data-settings=\"{&quot;motion_fx_motion_fx_scrolling&quot;:&quot;yes&quot;,&quot;motion_fx_translateY_effect&quot;:&quot;yes&quot;,&quot;motion_fx_translateY_speed&quot;:{&quot;unit&quot;:&quot;px&quot;,&quot;size&quot;:1.5,&quot;sizes&quot;:[]},&quot;motion_fx_translateY_affectedRange&quot;:{&quot;unit&quot;:&quot;%&quot;,&quot;size&quot;:&quot;&quot;,&quot;sizes&quot;:{&quot;start&quot;:0,&quot;end&quot;:100}},&quot;motion_fx_devices&quot;:[&quot;desktop&quot;,&quot;laptop&quot;,&quot;tablet_extra&quot;,&quot;tablet&quot;,&quot;mobile&quot;]}\" data-widget_type=\"image.default\">\n\t\t\t\t\t\t\t\t\t\t\t\t\t\t\t<img fetchpriority=\"high\" decoding=\"async\" width=\"2500\" height=\"1875\" src=\"https:\/\/leofrance.com\/wp-content\/uploads\/2026\/03\/cultura04.jpg\" class=\"attachment-full size-full wp-image-1677\" alt=\"\" srcset=\"https:\/\/leofrance.com\/wp-content\/uploads\/2026\/03\/cultura04.jpg 2500w, https:\/\/leofrance.com\/wp-content\/uploads\/2026\/03\/cultura04-300x225.jpg 300w, https:\/\/leofrance.com\/wp-content\/uploads\/2026\/03\/cultura04-1024x768.jpg 1024w, https:\/\/leofrance.com\/wp-content\/uploads\/2026\/03\/cultura04-768x576.jpg 768w, https:\/\/leofrance.com\/wp-content\/uploads\/2026\/03\/cultura04-1536x1152.jpg 1536w, https:\/\/leofrance.com\/wp-content\/uploads\/2026\/03\/cultura04-2048x1536.jpg 2048w\" sizes=\"(max-width: 2500px) 100vw, 2500px\" \/>\t\t\t\t\t\t\t\t\t\t\t\t\t\t\t<\/div>\n\t\t\t\t\t<\/div>\n\t\t\t\t<\/div>\n\t\t<div class=\"elementor-element elementor-element-7e83f94 e-con-full e-flex e-con e-parent\" data-id=\"7e83f94\" data-element_type=\"container\" data-e-type=\"container\" data-settings=\"{&quot;background_background&quot;:&quot;classic&quot;}\">\n\t\t<div class=\"elementor-element elementor-element-b27bd1d e-con-full e-flex e-con e-child\" data-id=\"b27bd1d\" data-element_type=\"container\" data-e-type=\"container\" data-settings=\"{&quot;background_background&quot;:&quot;classic&quot;,&quot;background_motion_fx_motion_fx_scrolling&quot;:&quot;yes&quot;,&quot;background_motion_fx_scale_effect&quot;:&quot;yes&quot;,&quot;background_motion_fx_scale_direction&quot;:&quot;in-out&quot;,&quot;background_motion_fx_scale_speed&quot;:{&quot;unit&quot;:&quot;px&quot;,&quot;size&quot;:2,&quot;sizes&quot;:[]},&quot;background_motion_fx_scale_range&quot;:{&quot;unit&quot;:&quot;%&quot;,&quot;size&quot;:&quot;&quot;,&quot;sizes&quot;:{&quot;start&quot;:20,&quot;end&quot;:80}},&quot;background_motion_fx_devices&quot;:[&quot;desktop&quot;,&quot;laptop&quot;,&quot;tablet_extra&quot;,&quot;tablet&quot;,&quot;mobile&quot;]}\">\n\t\t\t\t<\/div>\n\t\t<div class=\"elementor-element elementor-element-dad4070 e-con-full e-flex e-con e-child\" data-id=\"dad4070\" data-element_type=\"container\" data-e-type=\"container\" data-settings=\"{&quot;background_background&quot;:&quot;classic&quot;,&quot;background_motion_fx_motion_fx_scrolling&quot;:&quot;yes&quot;,&quot;background_motion_fx_scale_effect&quot;:&quot;yes&quot;,&quot;background_motion_fx_scale_speed&quot;:{&quot;unit&quot;:&quot;px&quot;,&quot;size&quot;:2,&quot;sizes&quot;:[]},&quot;background_motion_fx_scale_direction&quot;:&quot;out-in&quot;,&quot;background_motion_fx_scale_range&quot;:{&quot;unit&quot;:&quot;%&quot;,&quot;size&quot;:&quot;&quot;,&quot;sizes&quot;:{&quot;start&quot;:20,&quot;end&quot;:80}},&quot;background_motion_fx_devices&quot;:[&quot;desktop&quot;,&quot;laptop&quot;,&quot;tablet_extra&quot;,&quot;tablet&quot;,&quot;mobile&quot;]}\">\n\t\t\t\t<\/div>\n\t\t\t\t<\/div>\n\t\t<div class=\"elementor-element elementor-element-02df88a e-flex e-con-boxed e-con e-parent\" data-id=\"02df88a\" data-element_type=\"container\" data-e-type=\"container\" data-settings=\"{&quot;background_background&quot;:&quot;classic&quot;}\">\n\t\t\t\t\t<div class=\"e-con-inner\">\n\t\t\t\t\t<\/div>\n\t\t\t\t<\/div>\n\t\t\t\t<\/div>\n\t\t","protected":false},"excerpt":{"rendered":"<p>Leo France fabrique \u00e0 la fois des bijoux fantaisie et des accessoires pour v\u00eatements et sacs. Nous transformons les id\u00e9es propos\u00e9es par les grandes maisons de mode en articles de grande qualit\u00e9.<\/p>\n","protected":false},"author":1,"featured_media":0,"parent":0,"menu_order":0,"comment_status":"closed","ping_status":"closed","template":"","meta":{"footnotes":""},"class_list":["post-1680","page","type-page","status-publish","hentry"],"yoast_head":"<!-- This site is optimized with the Yoast SEO plugin v27.4 - https:\/\/yoast.com\/product\/yoast-seo-wordpress\/ -->\n<title>Culture du savoir-faire - Leo France<\/title>\n<meta name=\"robots\" content=\"index, follow, max-snippet:-1, max-image-preview:large, max-video-preview:-1\" \/>\n<link rel=\"canonical\" href=\"https:\/\/leofrance.com\/fr\/culture-du-savoir-faire\/\" \/>\n<meta property=\"og:locale\" content=\"fr_FR\" \/>\n<meta property=\"og:type\" content=\"article\" \/>\n<meta property=\"og:title\" content=\"Culture du savoir-faire - Leo France\" \/>\n<meta property=\"og:description\" content=\"Leo France fabrique \u00e0 la fois des bijoux fantaisie et des accessoires pour v\u00eatements et sacs. Nous transformons les id\u00e9es propos\u00e9es par les grandes maisons de mode en articles de grande qualit\u00e9.\" \/>\n<meta property=\"og:url\" content=\"https:\/\/leofrance.com\/fr\/culture-du-savoir-faire\/\" \/>\n<meta property=\"og:site_name\" content=\"Leo France\" \/>\n<meta property=\"article:modified_time\" content=\"2026-04-14T13:40:38+00:00\" \/>\n<meta property=\"og:image\" content=\"https:\/\/leofrance.com\/wp-content\/uploads\/2026\/03\/cultura04.jpg\" \/>\n\t<meta property=\"og:image:width\" content=\"2500\" \/>\n\t<meta property=\"og:image:height\" content=\"1875\" \/>\n\t<meta property=\"og:image:type\" content=\"image\/jpeg\" \/>\n<meta name=\"twitter:card\" content=\"summary_large_image\" \/>\n<script type=\"application\/ld+json\" class=\"yoast-schema-graph\">{\"@context\":\"https:\\\/\\\/schema.org\",\"@graph\":[{\"@type\":\"WebPage\",\"@id\":\"https:\\\/\\\/leofrance.com\\\/fr\\\/culture-du-savoir-faire\\\/\",\"url\":\"https:\\\/\\\/leofrance.com\\\/fr\\\/culture-du-savoir-faire\\\/\",\"name\":\"Culture du savoir-faire - Leo France\",\"isPartOf\":{\"@id\":\"https:\\\/\\\/leofrance.com\\\/#website\"},\"primaryImageOfPage\":{\"@id\":\"https:\\\/\\\/leofrance.com\\\/fr\\\/culture-du-savoir-faire\\\/#primaryimage\"},\"image\":{\"@id\":\"https:\\\/\\\/leofrance.com\\\/fr\\\/culture-du-savoir-faire\\\/#primaryimage\"},\"thumbnailUrl\":\"https:\\\/\\\/leofrance.com\\\/wp-content\\\/uploads\\\/2026\\\/03\\\/cultura04.jpg\",\"datePublished\":\"2026-02-26T14:13:41+00:00\",\"dateModified\":\"2026-04-14T13:40:38+00:00\",\"breadcrumb\":{\"@id\":\"https:\\\/\\\/leofrance.com\\\/fr\\\/culture-du-savoir-faire\\\/#breadcrumb\"},\"inLanguage\":\"fr-FR\",\"potentialAction\":[{\"@type\":\"ReadAction\",\"target\":[\"https:\\\/\\\/leofrance.com\\\/fr\\\/culture-du-savoir-faire\\\/\"]}]},{\"@type\":\"ImageObject\",\"inLanguage\":\"fr-FR\",\"@id\":\"https:\\\/\\\/leofrance.com\\\/fr\\\/culture-du-savoir-faire\\\/#primaryimage\",\"url\":\"https:\\\/\\\/leofrance.com\\\/wp-content\\\/uploads\\\/2026\\\/03\\\/cultura04.jpg\",\"contentUrl\":\"https:\\\/\\\/leofrance.com\\\/wp-content\\\/uploads\\\/2026\\\/03\\\/cultura04.jpg\"},{\"@type\":\"BreadcrumbList\",\"@id\":\"https:\\\/\\\/leofrance.com\\\/fr\\\/culture-du-savoir-faire\\\/#breadcrumb\",\"itemListElement\":[{\"@type\":\"ListItem\",\"position\":1,\"name\":\"Home\",\"item\":\"https:\\\/\\\/leofrance.com\\\/fr\\\/accueil\\\/\"},{\"@type\":\"ListItem\",\"position\":2,\"name\":\"Culture du savoir-faire\"}]},{\"@type\":\"WebSite\",\"@id\":\"https:\\\/\\\/leofrance.com\\\/#website\",\"url\":\"https:\\\/\\\/leofrance.com\\\/\",\"name\":\"Leo France\",\"description\":\"Production de bijoux fantaisie et d\u2019accessoires. Leo France r\u00e9alise des bijoux fantaisie et des accessoires pour l\u2019habillement, les sacs et d\u2019autres articles de maroquinerie.\",\"potentialAction\":[{\"@type\":\"SearchAction\",\"target\":{\"@type\":\"EntryPoint\",\"urlTemplate\":\"https:\\\/\\\/leofrance.com\\\/?s={search_term_string}\"},\"query-input\":{\"@type\":\"PropertyValueSpecification\",\"valueRequired\":true,\"valueName\":\"search_term_string\"}}],\"inLanguage\":\"fr-FR\"}]}<\/script>\n<!-- \/ Yoast SEO plugin. -->","yoast_head_json":{"title":"Culture du savoir-faire - Leo France","robots":{"index":"index","follow":"follow","max-snippet":"max-snippet:-1","max-image-preview":"max-image-preview:large","max-video-preview":"max-video-preview:-1"},"canonical":"https:\/\/leofrance.com\/fr\/culture-du-savoir-faire\/","og_locale":"fr_FR","og_type":"article","og_title":"Culture du savoir-faire - Leo France","og_description":"Leo France fabrique \u00e0 la fois des bijoux fantaisie et des accessoires pour v\u00eatements et sacs. Nous transformons les id\u00e9es propos\u00e9es par les grandes maisons de mode en articles de grande qualit\u00e9.","og_url":"https:\/\/leofrance.com\/fr\/culture-du-savoir-faire\/","og_site_name":"Leo France","article_modified_time":"2026-04-14T13:40:38+00:00","og_image":[{"width":2500,"height":1875,"url":"https:\/\/leofrance.com\/wp-content\/uploads\/2026\/03\/cultura04.jpg","type":"image\/jpeg"}],"twitter_card":"summary_large_image","schema":{"@context":"https:\/\/schema.org","@graph":[{"@type":"WebPage","@id":"https:\/\/leofrance.com\/fr\/culture-du-savoir-faire\/","url":"https:\/\/leofrance.com\/fr\/culture-du-savoir-faire\/","name":"Culture du savoir-faire - Leo France","isPartOf":{"@id":"https:\/\/leofrance.com\/#website"},"primaryImageOfPage":{"@id":"https:\/\/leofrance.com\/fr\/culture-du-savoir-faire\/#primaryimage"},"image":{"@id":"https:\/\/leofrance.com\/fr\/culture-du-savoir-faire\/#primaryimage"},"thumbnailUrl":"https:\/\/leofrance.com\/wp-content\/uploads\/2026\/03\/cultura04.jpg","datePublished":"2026-02-26T14:13:41+00:00","dateModified":"2026-04-14T13:40:38+00:00","breadcrumb":{"@id":"https:\/\/leofrance.com\/fr\/culture-du-savoir-faire\/#breadcrumb"},"inLanguage":"fr-FR","potentialAction":[{"@type":"ReadAction","target":["https:\/\/leofrance.com\/fr\/culture-du-savoir-faire\/"]}]},{"@type":"ImageObject","inLanguage":"fr-FR","@id":"https:\/\/leofrance.com\/fr\/culture-du-savoir-faire\/#primaryimage","url":"https:\/\/leofrance.com\/wp-content\/uploads\/2026\/03\/cultura04.jpg","contentUrl":"https:\/\/leofrance.com\/wp-content\/uploads\/2026\/03\/cultura04.jpg"},{"@type":"BreadcrumbList","@id":"https:\/\/leofrance.com\/fr\/culture-du-savoir-faire\/#breadcrumb","itemListElement":[{"@type":"ListItem","position":1,"name":"Home","item":"https:\/\/leofrance.com\/fr\/accueil\/"},{"@type":"ListItem","position":2,"name":"Culture du savoir-faire"}]},{"@type":"WebSite","@id":"https:\/\/leofrance.com\/#website","url":"https:\/\/leofrance.com\/","name":"Leo France","description":"Production de bijoux fantaisie et d\u2019accessoires. Leo France r\u00e9alise des bijoux fantaisie et des accessoires pour l\u2019habillement, les sacs et d\u2019autres articles de maroquinerie.","potentialAction":[{"@type":"SearchAction","target":{"@type":"EntryPoint","urlTemplate":"https:\/\/leofrance.com\/?s={search_term_string}"},"query-input":{"@type":"PropertyValueSpecification","valueRequired":true,"valueName":"search_term_string"}}],"inLanguage":"fr-FR"}]}},"_links":{"self":[{"href":"https:\/\/leofrance.com\/fr\/wp-json\/wp\/v2\/pages\/1680","targetHints":{"allow":["GET"]}}],"collection":[{"href":"https:\/\/leofrance.com\/fr\/wp-json\/wp\/v2\/pages"}],"about":[{"href":"https:\/\/leofrance.com\/fr\/wp-json\/wp\/v2\/types\/page"}],"author":[{"embeddable":true,"href":"https:\/\/leofrance.com\/fr\/wp-json\/wp\/v2\/users\/1"}],"replies":[{"embeddable":true,"href":"https:\/\/leofrance.com\/fr\/wp-json\/wp\/v2\/comments?post=1680"}],"version-history":[{"count":0,"href":"https:\/\/leofrance.com\/fr\/wp-json\/wp\/v2\/pages\/1680\/revisions"}],"wp:attachment":[{"href":"https:\/\/leofrance.com\/fr\/wp-json\/wp\/v2\/media?parent=1680"}],"curies":[{"name":"wp","href":"https:\/\/api.w.org\/{rel}","templated":true}]}}