{"id":1629,"date":"2026-02-10T08:41:19","date_gmt":"2026-02-10T08:41:19","guid":{"rendered":"https:\/\/leofrance.com\/valeurs\/"},"modified":"2026-04-15T14:18:57","modified_gmt":"2026-04-15T14:18:57","slug":"valeurs","status":"publish","type":"page","link":"https:\/\/leofrance.com\/fr\/valeurs\/","title":{"rendered":"Valeurs"},"content":{"rendered":"\t\t<div data-elementor-type=\"wp-page\" data-elementor-id=\"1629\" class=\"elementor elementor-1629 elementor-966\" data-elementor-post-type=\"page\">\n\t\t\t\t<div class=\"elementor-element elementor-element-382c886 e-con-full e-flex e-con e-parent\" data-id=\"382c886\" data-element_type=\"container\" data-e-type=\"container\" data-settings=\"{&quot;background_background&quot;:&quot;classic&quot;}\">\n\t\t<div class=\"elementor-element elementor-element-1257d27 e-con-full e-flex e-con e-child\" data-id=\"1257d27\" data-element_type=\"container\" data-e-type=\"container\" data-settings=\"{&quot;background_background&quot;:&quot;classic&quot;}\">\n\t\t\t\t<\/div>\n\t\t\t\t<\/div>\n\t\t<div class=\"elementor-element elementor-element-963dffe e-flex e-con-boxed e-con e-parent\" data-id=\"963dffe\" data-element_type=\"container\" data-e-type=\"container\" data-settings=\"{&quot;background_background&quot;:&quot;classic&quot;}\">\n\t\t\t\t\t<div class=\"e-con-inner\">\n\t\t<div class=\"elementor-element elementor-element-c0a1392 e-con-full e-flex e-con e-child\" data-id=\"c0a1392\" data-element_type=\"container\" data-e-type=\"container\">\n\t\t\t\t<div class=\"elementor-element elementor-element-ca9d2b6 elementor-widget__width-initial elementor-widget elementor-widget-text-editor\" data-id=\"ca9d2b6\" data-element_type=\"widget\" data-e-type=\"widget\" data-widget_type=\"text-editor.default\">\n\t\t\t\t\t\t\t\t\t<p>POLITIQUE POUR L\u2019ENVIRONNEMENT, LA S\u00c9CURIT\u00c9 ET L\u2019\u00c9NERGIE<\/p>\t\t\t\t\t\t\t\t<\/div>\n\t\t\t\t<div class=\"elementor-element elementor-element-7ab268c elementor-position-inline-start elementor-mobile-position-inline-start elementor-view-default elementor-widget elementor-widget-icon-box\" data-id=\"7ab268c\" data-element_type=\"widget\" data-e-type=\"widget\" data-widget_type=\"icon-box.default\">\n\t\t\t\t\t\t\t<div class=\"elementor-icon-box-wrapper\">\n\n\t\t\t\t\t\t<div class=\"elementor-icon-box-icon\">\n\t\t\t\t<a href=\"https:\/\/leofrance.com\/wp-content\/uploads\/2026\/04\/Politica-per-lambiente-la-salute-e-la-sicurezza-e-lenergia_FIRMATA.pdf\" target=\"_blank\" class=\"elementor-icon\" tabindex=\"-1\" aria-label=\"T\u00e9l\u00e9charger le document\">\n\t\t\t\t<i aria-hidden=\"true\" class=\"icon icon-download1\"><\/i>\t\t\t\t<\/a>\n\t\t\t<\/div>\n\t\t\t\n\t\t\t\t\t\t<div class=\"elementor-icon-box-content\">\n\n\t\t\t\t\t\t\t\t\t<p class=\"elementor-icon-box-title\">\n\t\t\t\t\t\t<a href=\"https:\/\/leofrance.com\/wp-content\/uploads\/2026\/04\/Politica-per-lambiente-la-salute-e-la-sicurezza-e-lenergia_FIRMATA.pdf\" target=\"_blank\" >\n\t\t\t\t\t\t\tT\u00e9l\u00e9charger le document\t\t\t\t\t\t<\/a>\n\t\t\t\t\t<\/p>\n\t\t\t\t\n\t\t\t\t\n\t\t\t<\/div>\n\t\t\t\n\t\t<\/div>\n\t\t\t\t\t\t<\/div>\n\t\t\t\t<\/div>\n\t\t<div class=\"elementor-element elementor-element-b96ee4c e-con-full e-flex e-con e-child\" data-id=\"b96ee4c\" data-element_type=\"container\" data-e-type=\"container\">\n\t\t\t\t<div class=\"elementor-element elementor-element-b96da79 elementor-widget__width-initial elementor-widget elementor-widget-text-editor\" data-id=\"b96da79\" data-element_type=\"widget\" data-e-type=\"widget\" data-widget_type=\"text-editor.default\">\n\t\t\t\t\t\t\t\t\t<p>RJC<\/p>\t\t\t\t\t\t\t\t<\/div>\n\t\t\t\t<div class=\"elementor-element elementor-element-7405dbc elementor-position-inline-start elementor-mobile-position-inline-start elementor-view-default elementor-widget elementor-widget-icon-box\" data-id=\"7405dbc\" data-element_type=\"widget\" data-e-type=\"widget\" data-widget_type=\"icon-box.default\">\n\t\t\t\t\t\t\t<div class=\"elementor-icon-box-wrapper\">\n\n\t\t\t\t\t\t<div class=\"elementor-icon-box-icon\">\n\t\t\t\t<a href=\"https:\/\/leofrance.com\/wp-content\/uploads\/2026\/02\/CERTIFICAZIONE_RJC_COC.pdf\" target=\"_blank\" class=\"elementor-icon\" tabindex=\"-1\" aria-label=\"Certification RJC COC\">\n\t\t\t\t<i aria-hidden=\"true\" class=\"icon icon-download1\"><\/i>\t\t\t\t<\/a>\n\t\t\t<\/div>\n\t\t\t\n\t\t\t\t\t\t<div class=\"elementor-icon-box-content\">\n\n\t\t\t\t\t\t\t\t\t<p class=\"elementor-icon-box-title\">\n\t\t\t\t\t\t<a href=\"https:\/\/leofrance.com\/wp-content\/uploads\/2026\/02\/CERTIFICAZIONE_RJC_COC.pdf\" target=\"_blank\" >\n\t\t\t\t\t\t\tCertification RJC COC\t\t\t\t\t\t<\/a>\n\t\t\t\t\t<\/p>\n\t\t\t\t\n\t\t\t\t\n\t\t\t<\/div>\n\t\t\t\n\t\t<\/div>\n\t\t\t\t\t\t<\/div>\n\t\t\t\t<div class=\"elementor-element elementor-element-0a44dd4 elementor-position-inline-start elementor-mobile-position-inline-start elementor-view-default elementor-widget elementor-widget-icon-box\" data-id=\"0a44dd4\" data-element_type=\"widget\" data-e-type=\"widget\" data-widget_type=\"icon-box.default\">\n\t\t\t\t\t\t\t<div class=\"elementor-icon-box-wrapper\">\n\n\t\t\t\t\t\t<div class=\"elementor-icon-box-icon\">\n\t\t\t\t<a href=\"https:\/\/leofrance.com\/wp-content\/uploads\/2026\/02\/CERTIFICAZIONE_RJC_COP.pdf\" target=\"_blank\" class=\"elementor-icon\" tabindex=\"-1\" aria-label=\"Certification RJC COP\">\n\t\t\t\t<i aria-hidden=\"true\" class=\"icon icon-download1\"><\/i>\t\t\t\t<\/a>\n\t\t\t<\/div>\n\t\t\t\n\t\t\t\t\t\t<div class=\"elementor-icon-box-content\">\n\n\t\t\t\t\t\t\t\t\t<p class=\"elementor-icon-box-title\">\n\t\t\t\t\t\t<a href=\"https:\/\/leofrance.com\/wp-content\/uploads\/2026\/02\/CERTIFICAZIONE_RJC_COP.pdf\" target=\"_blank\" >\n\t\t\t\t\t\t\tCertification RJC COP\t\t\t\t\t\t<\/a>\n\t\t\t\t\t<\/p>\n\t\t\t\t\n\t\t\t\t\n\t\t\t<\/div>\n\t\t\t\n\t\t<\/div>\n\t\t\t\t\t\t<\/div>\n\t\t\t\t<div class=\"elementor-element elementor-element-de818f3 elementor-position-inline-start elementor-mobile-position-inline-start elementor-view-default elementor-widget elementor-widget-icon-box\" data-id=\"de818f3\" data-element_type=\"widget\" data-e-type=\"widget\" data-widget_type=\"icon-box.default\">\n\t\t\t\t\t\t\t<div class=\"elementor-icon-box-wrapper\">\n\n\t\t\t\t\t\t<div class=\"elementor-icon-box-icon\">\n\t\t\t\t<a href=\"https:\/\/leofrance.com\/wp-content\/uploads\/2026\/02\/RJC_COP_Reporting_COP_67_2024_rev1.pdf\" target=\"_blank\" class=\"elementor-icon\" tabindex=\"-1\" aria-label=\"Reporting\">\n\t\t\t\t<i aria-hidden=\"true\" class=\"icon icon-download1\"><\/i>\t\t\t\t<\/a>\n\t\t\t<\/div>\n\t\t\t\n\t\t\t\t\t\t<div class=\"elementor-icon-box-content\">\n\n\t\t\t\t\t\t\t\t\t<p class=\"elementor-icon-box-title\">\n\t\t\t\t\t\t<a href=\"https:\/\/leofrance.com\/wp-content\/uploads\/2026\/02\/RJC_COP_Reporting_COP_67_2024_rev1.pdf\" target=\"_blank\" >\n\t\t\t\t\t\t\tReporting\t\t\t\t\t\t<\/a>\n\t\t\t\t\t<\/p>\n\t\t\t\t\n\t\t\t\t\n\t\t\t<\/div>\n\t\t\t\n\t\t<\/div>\n\t\t\t\t\t\t<\/div>\n\t\t\t\t<div class=\"elementor-element elementor-element-d1b5b80 elementor-position-inline-start elementor-mobile-position-inline-start elementor-view-default elementor-widget elementor-widget-icon-box\" data-id=\"d1b5b80\" data-element_type=\"widget\" data-e-type=\"widget\" data-widget_type=\"icon-box.default\">\n\t\t\t\t\t\t\t<div class=\"elementor-icon-box-wrapper\">\n\n\t\t\t\t\t\t<div class=\"elementor-icon-box-icon\">\n\t\t\t\t<a href=\"https:\/\/leofrance.com\/wp-content\/uploads\/2026\/02\/IDCA_CodiceAnticorruzione_4112024.pdf\" target=\"_blank\" class=\"elementor-icon\" tabindex=\"-1\" aria-label=\"Code anticorruption\">\n\t\t\t\t<i aria-hidden=\"true\" class=\"icon icon-download1\"><\/i>\t\t\t\t<\/a>\n\t\t\t<\/div>\n\t\t\t\n\t\t\t\t\t\t<div class=\"elementor-icon-box-content\">\n\n\t\t\t\t\t\t\t\t\t<p class=\"elementor-icon-box-title\">\n\t\t\t\t\t\t<a href=\"https:\/\/leofrance.com\/wp-content\/uploads\/2026\/02\/IDCA_CodiceAnticorruzione_4112024.pdf\" target=\"_blank\" >\n\t\t\t\t\t\t\tCode anticorruption\t\t\t\t\t\t<\/a>\n\t\t\t\t\t<\/p>\n\t\t\t\t\n\t\t\t\t\n\t\t\t<\/div>\n\t\t\t\n\t\t<\/div>\n\t\t\t\t\t\t<\/div>\n\t\t\t\t<div class=\"elementor-element elementor-element-984d123 elementor-position-inline-start elementor-mobile-position-inline-start elementor-view-default elementor-widget elementor-widget-icon-box\" data-id=\"984d123\" data-element_type=\"widget\" data-e-type=\"widget\" data-widget_type=\"icon-box.default\">\n\t\t\t\t\t\t\t<div class=\"elementor-icon-box-wrapper\">\n\n\t\t\t\t\t\t<div class=\"elementor-icon-box-icon\">\n\t\t\t\t<a href=\"https:\/\/leofrance.com\/wp-content\/uploads\/2026\/02\/POLRJCPolitica-programmaticaRJCrev03lingue_2024_Def_aggiornato_ENFR.pdf\" target=\"_blank\" class=\"elementor-icon\" tabindex=\"-1\" aria-label=\"Politique RJC\">\n\t\t\t\t<i aria-hidden=\"true\" class=\"icon icon-download1\"><\/i>\t\t\t\t<\/a>\n\t\t\t<\/div>\n\t\t\t\n\t\t\t\t\t\t<div class=\"elementor-icon-box-content\">\n\n\t\t\t\t\t\t\t\t\t<p class=\"elementor-icon-box-title\">\n\t\t\t\t\t\t<a href=\"https:\/\/leofrance.com\/wp-content\/uploads\/2026\/02\/POLRJCPolitica-programmaticaRJCrev03lingue_2024_Def_aggiornato_ENFR.pdf\" target=\"_blank\" >\n\t\t\t\t\t\t\tPolitique RJC\t\t\t\t\t\t<\/a>\n\t\t\t\t\t<\/p>\n\t\t\t\t\n\t\t\t\t\n\t\t\t<\/div>\n\t\t\t\n\t\t<\/div>\n\t\t\t\t\t\t<\/div>\n\t\t\t\t<\/div>\n\t\t\t\t\t<\/div>\n\t\t\t\t<\/div>\n\t\t<div class=\"elementor-element elementor-element-8da952a e-flex e-con-boxed e-con e-parent\" data-id=\"8da952a\" data-element_type=\"container\" data-e-type=\"container\" data-settings=\"{&quot;background_background&quot;:&quot;classic&quot;}\">\n\t\t\t\t\t<div class=\"e-con-inner\">\n\t\t<div class=\"elementor-element elementor-element-b50a58e e-con-full e-flex e-con e-child\" data-id=\"b50a58e\" data-element_type=\"container\" data-e-type=\"container\">\n\t\t\t\t<div class=\"elementor-element elementor-element-5efd403 elementor-widget__width-initial elementor-widget elementor-widget-text-editor\" data-id=\"5efd403\" data-element_type=\"widget\" data-e-type=\"widget\" data-widget_type=\"text-editor.default\">\n\t\t\t\t\t\t\t\t\t<p>ISO 14001<\/p>\t\t\t\t\t\t\t\t<\/div>\n\t\t\t\t<div class=\"elementor-element elementor-element-92dacb6 elementor-position-inline-start elementor-mobile-position-inline-start elementor-view-default elementor-widget elementor-widget-icon-box\" data-id=\"92dacb6\" data-element_type=\"widget\" data-e-type=\"widget\" data-widget_type=\"icon-box.default\">\n\t\t\t\t\t\t\t<div class=\"elementor-icon-box-wrapper\">\n\n\t\t\t\t\t\t<div class=\"elementor-icon-box-icon\">\n\t\t\t\t<a href=\"https:\/\/leofrance.com\/wp-content\/uploads\/2026\/02\/Certificato-ISO-14001_ITA.pdf\" target=\"_blank\" class=\"elementor-icon\" tabindex=\"-1\" aria-label=\"Certification ISO 14001\">\n\t\t\t\t<i aria-hidden=\"true\" class=\"icon icon-download1\"><\/i>\t\t\t\t<\/a>\n\t\t\t<\/div>\n\t\t\t\n\t\t\t\t\t\t<div class=\"elementor-icon-box-content\">\n\n\t\t\t\t\t\t\t\t\t<p class=\"elementor-icon-box-title\">\n\t\t\t\t\t\t<a href=\"https:\/\/leofrance.com\/wp-content\/uploads\/2026\/02\/Certificato-ISO-14001_ITA.pdf\" target=\"_blank\" >\n\t\t\t\t\t\t\tCertification ISO 14001\t\t\t\t\t\t<\/a>\n\t\t\t\t\t<\/p>\n\t\t\t\t\n\t\t\t\t\n\t\t\t<\/div>\n\t\t\t\n\t\t<\/div>\n\t\t\t\t\t\t<\/div>\n\t\t\t\t<\/div>\n\t\t<div class=\"elementor-element elementor-element-0c887a4 e-con-full e-flex e-con e-child\" data-id=\"0c887a4\" data-element_type=\"container\" data-e-type=\"container\">\n\t\t\t\t<div class=\"elementor-element elementor-element-a9268c9 elementor-widget__width-initial elementor-widget elementor-widget-text-editor\" data-id=\"a9268c9\" data-element_type=\"widget\" data-e-type=\"widget\" data-widget_type=\"text-editor.default\">\n\t\t\t\t\t\t\t\t\t<p>ISO 45001<\/p>\t\t\t\t\t\t\t\t<\/div>\n\t\t\t\t<div class=\"elementor-element elementor-element-60383b7 elementor-position-inline-start elementor-mobile-position-inline-start elementor-view-default elementor-widget elementor-widget-icon-box\" data-id=\"60383b7\" data-element_type=\"widget\" data-e-type=\"widget\" data-widget_type=\"icon-box.default\">\n\t\t\t\t\t\t\t<div class=\"elementor-icon-box-wrapper\">\n\n\t\t\t\t\t\t<div class=\"elementor-icon-box-icon\">\n\t\t\t\t<a href=\"https:\/\/leofrance.com\/wp-content\/uploads\/2026\/02\/Certificato-ISO-45001_ITA.pdf\" target=\"_blank\" class=\"elementor-icon\" tabindex=\"-1\" aria-label=\"Certification ISO 45001\">\n\t\t\t\t<i aria-hidden=\"true\" class=\"icon icon-download1\"><\/i>\t\t\t\t<\/a>\n\t\t\t<\/div>\n\t\t\t\n\t\t\t\t\t\t<div class=\"elementor-icon-box-content\">\n\n\t\t\t\t\t\t\t\t\t<p class=\"elementor-icon-box-title\">\n\t\t\t\t\t\t<a href=\"https:\/\/leofrance.com\/wp-content\/uploads\/2026\/02\/Certificato-ISO-45001_ITA.pdf\" target=\"_blank\" >\n\t\t\t\t\t\t\tCertification ISO 45001\t\t\t\t\t\t<\/a>\n\t\t\t\t\t<\/p>\n\t\t\t\t\n\t\t\t\t\n\t\t\t<\/div>\n\t\t\t\n\t\t<\/div>\n\t\t\t\t\t\t<\/div>\n\t\t\t\t<\/div>\n\t\t\t\t\t<\/div>\n\t\t\t\t<\/div>\n\t\t<div class=\"elementor-element elementor-element-5dc77c3 e-flex e-con-boxed e-con e-parent\" data-id=\"5dc77c3\" data-element_type=\"container\" data-e-type=\"container\" data-settings=\"{&quot;background_background&quot;:&quot;classic&quot;}\">\n\t\t\t\t\t<div class=\"e-con-inner\">\n\t\t<div class=\"elementor-element elementor-element-8f30f8c e-con-full e-flex e-con e-child\" data-id=\"8f30f8c\" data-element_type=\"container\" data-e-type=\"container\">\n\t\t\t\t<div class=\"elementor-element elementor-element-a1b472e elementor-widget__width-initial elementor-widget elementor-widget-text-editor\" data-id=\"a1b472e\" data-element_type=\"widget\" data-e-type=\"widget\" data-widget_type=\"text-editor.default\">\n\t\t\t\t\t\t\t\t\t<p>Projets PORCREO<\/p>\t\t\t\t\t\t\t\t<\/div>\n\t\t\t\t<div class=\"elementor-element elementor-element-8ed3310 elementor-position-inline-start elementor-mobile-position-inline-start elementor-view-default elementor-widget elementor-widget-icon-box\" data-id=\"8ed3310\" data-element_type=\"widget\" data-e-type=\"widget\" data-widget_type=\"icon-box.default\">\n\t\t\t\t\t\t\t<div class=\"elementor-icon-box-wrapper\">\n\n\t\t\t\t\t\t<div class=\"elementor-icon-box-icon\">\n\t\t\t\t<a href=\"https:\/\/leofrance.com\/wp-content\/uploads\/2026\/02\/IL-MONDO-ACCESSORISTICA-SPERIMENTA-NUOVI-METALLI.pdf\" target=\"_blank\" class=\"elementor-icon\" tabindex=\"-1\" aria-label=\"Le monde de l\u2019accessoirisation exp\u00e9rimente de nouveaux m\u00e9taux\">\n\t\t\t\t<i aria-hidden=\"true\" class=\"icon icon-download1\"><\/i>\t\t\t\t<\/a>\n\t\t\t<\/div>\n\t\t\t\n\t\t\t\t\t\t<div class=\"elementor-icon-box-content\">\n\n\t\t\t\t\t\t\t\t\t<p class=\"elementor-icon-box-title\">\n\t\t\t\t\t\t<a href=\"https:\/\/leofrance.com\/wp-content\/uploads\/2026\/02\/IL-MONDO-ACCESSORISTICA-SPERIMENTA-NUOVI-METALLI.pdf\" target=\"_blank\" >\n\t\t\t\t\t\t\tLe monde de l\u2019accessoirisation exp\u00e9rimente de nouveaux m\u00e9taux\t\t\t\t\t\t<\/a>\n\t\t\t\t\t<\/p>\n\t\t\t\t\n\t\t\t\t\n\t\t\t<\/div>\n\t\t\t\n\t\t<\/div>\n\t\t\t\t\t\t<\/div>\n\t\t\t\t<div class=\"elementor-element elementor-element-e8275fd elementor-position-inline-start elementor-mobile-position-inline-start elementor-view-default elementor-widget elementor-widget-icon-box\" data-id=\"e8275fd\" data-element_type=\"widget\" data-e-type=\"widget\" data-widget_type=\"icon-box.default\">\n\t\t\t\t\t\t\t<div class=\"elementor-icon-box-wrapper\">\n\n\t\t\t\t\t\t<div class=\"elementor-icon-box-icon\">\n\t\t\t\t<a href=\"https:\/\/leofrance.com\/wp-content\/uploads\/2026\/02\/Efficientamento-energetico-dei-processi-produttivi-Regione-Toscana-POR-FESR-2014-2020-ITA-ENG1.pdf\" target=\"_blank\" class=\"elementor-icon\" tabindex=\"-1\" aria-label=\"Efficacit\u00e9 \u00e9nerg\u00e9tique des processus de production \">\n\t\t\t\t<i aria-hidden=\"true\" class=\"icon icon-download1\"><\/i>\t\t\t\t<\/a>\n\t\t\t<\/div>\n\t\t\t\n\t\t\t\t\t\t<div class=\"elementor-icon-box-content\">\n\n\t\t\t\t\t\t\t\t\t<p class=\"elementor-icon-box-title\">\n\t\t\t\t\t\t<a href=\"https:\/\/leofrance.com\/wp-content\/uploads\/2026\/02\/Efficientamento-energetico-dei-processi-produttivi-Regione-Toscana-POR-FESR-2014-2020-ITA-ENG1.pdf\" target=\"_blank\" >\n\t\t\t\t\t\t\tEfficacit\u00e9 \u00e9nerg\u00e9tique des processus de production \t\t\t\t\t\t<\/a>\n\t\t\t\t\t<\/p>\n\t\t\t\t\n\t\t\t\t\t\t\t\t\t<p class=\"elementor-icon-box-description\">\n\t\t\t\t\t\t(R\u00e9gion Toscane \u2013 POR FESR 2014-2020)\t\t\t\t\t<\/p>\n\t\t\t\t\n\t\t\t<\/div>\n\t\t\t\n\t\t<\/div>\n\t\t\t\t\t\t<\/div>\n\t\t\t\t<div class=\"elementor-element elementor-element-e17cea6 elementor-position-inline-start elementor-mobile-position-inline-start elementor-view-default elementor-widget elementor-widget-icon-box\" data-id=\"e17cea6\" data-element_type=\"widget\" data-e-type=\"widget\" data-widget_type=\"icon-box.default\">\n\t\t\t\t\t\t\t<div class=\"elementor-icon-box-wrapper\">\n\n\t\t\t\t\t\t<div class=\"elementor-icon-box-icon\">\n\t\t\t\t<a href=\"https:\/\/leofrance.com\/wp-content\/uploads\/2026\/02\/DAVINCI-4.0.pdf\" target=\"_blank\" class=\"elementor-icon\" tabindex=\"-1\" aria-label=\"DAVINCI 4.0\">\n\t\t\t\t<i aria-hidden=\"true\" class=\"icon icon-download1\"><\/i>\t\t\t\t<\/a>\n\t\t\t<\/div>\n\t\t\t\n\t\t\t\t\t\t<div class=\"elementor-icon-box-content\">\n\n\t\t\t\t\t\t\t\t\t<p class=\"elementor-icon-box-title\">\n\t\t\t\t\t\t<a href=\"https:\/\/leofrance.com\/wp-content\/uploads\/2026\/02\/DAVINCI-4.0.pdf\" target=\"_blank\" >\n\t\t\t\t\t\t\tDAVINCI 4.0\t\t\t\t\t\t<\/a>\n\t\t\t\t\t<\/p>\n\t\t\t\t\n\t\t\t\t\n\t\t\t<\/div>\n\t\t\t\n\t\t<\/div>\n\t\t\t\t\t\t<\/div>\n\t\t\t\t<\/div>\n\t\t<div class=\"elementor-element elementor-element-d9258ce e-con-full e-flex e-con e-child\" data-id=\"d9258ce\" data-element_type=\"container\" data-e-type=\"container\">\n\t\t\t\t<div class=\"elementor-element elementor-element-4364c21 elementor-widget__width-initial elementor-widget elementor-widget-text-editor\" data-id=\"4364c21\" data-element_type=\"widget\" data-e-type=\"widget\" data-widget_type=\"text-editor.default\">\n\t\t\t\t\t\t\t\t\t<p>\u00c9limination des emballages<\/p>\t\t\t\t\t\t\t\t<\/div>\n\t\t\t\t<div class=\"elementor-element elementor-element-e0fd46f elementor-position-inline-start elementor-mobile-position-inline-start elementor-view-default elementor-widget elementor-widget-icon-box\" data-id=\"e0fd46f\" data-element_type=\"widget\" data-e-type=\"widget\" data-widget_type=\"icon-box.default\">\n\t\t\t\t\t\t\t<div class=\"elementor-icon-box-wrapper\">\n\n\t\t\t\t\t\t<div class=\"elementor-icon-box-icon\">\n\t\t\t\t<a href=\"https:\/\/leofrance.com\/wp-content\/uploads\/2026\/02\/guida-smaltimento-imballi.pdf\" target=\"_blank\" class=\"elementor-icon\" tabindex=\"-1\" aria-label=\"Fiche technique&lt;br&gt;&lt;br&gt;\">\n\t\t\t\t<i aria-hidden=\"true\" class=\"icon icon-download1\"><\/i>\t\t\t\t<\/a>\n\t\t\t<\/div>\n\t\t\t\n\t\t\t\t\t\t<div class=\"elementor-icon-box-content\">\n\n\t\t\t\t\t\t\t\t\t<p class=\"elementor-icon-box-title\">\n\t\t\t\t\t\t<a href=\"https:\/\/leofrance.com\/wp-content\/uploads\/2026\/02\/guida-smaltimento-imballi.pdf\" target=\"_blank\" >\n\t\t\t\t\t\t\tFiche technique<br><br>\t\t\t\t\t\t<\/a>\n\t\t\t\t\t<\/p>\n\t\t\t\t\n\t\t\t\t\n\t\t\t<\/div>\n\t\t\t\n\t\t<\/div>\n\t\t\t\t\t\t<\/div>\n\t\t\t\t<\/div>\n\t\t\t\t\t<\/div>\n\t\t\t\t<\/div>\n\t\t<div class=\"elementor-element elementor-element-992eec1 e-flex e-con-boxed e-con e-parent\" data-id=\"992eec1\" data-element_type=\"container\" data-e-type=\"container\" data-settings=\"{&quot;background_background&quot;:&quot;classic&quot;}\">\n\t\t\t\t\t<div class=\"e-con-inner\">\n\t\t\t\t\t<\/div>\n\t\t\t\t<\/div>\n\t\t\t\t<\/div>\n\t\t","protected":false},"excerpt":{"rendered":"<p>POLITIQUE POUR L\u2019ENVIRONNEMENT, LA S\u00c9CURIT\u00c9 ET L\u2019\u00c9NERGIE T\u00e9l\u00e9charger le document RJC Certification RJC COC Certification RJC COP Reporting Code anticorruption Politique RJC ISO 14001 Certification ISO 14001 ISO 45001 Certification ISO 45001 Projets PORCREO Le monde de l\u2019accessoirisation exp\u00e9rimente de nouveaux m\u00e9taux Efficacit\u00e9 \u00e9nerg\u00e9tique des processus de production (R\u00e9gion Toscane \u2013 POR FESR 2014-2020) DAVINCI [&hellip;]<\/p>\n","protected":false},"author":1,"featured_media":0,"parent":0,"menu_order":0,"comment_status":"closed","ping_status":"closed","template":"","meta":{"footnotes":""},"class_list":["post-1629","page","type-page","status-publish","hentry"],"yoast_head":"<!-- This site is optimized with the Yoast SEO plugin v27.4 - https:\/\/yoast.com\/product\/yoast-seo-wordpress\/ -->\n<title>Valeurs - Leo France<\/title>\n<meta name=\"robots\" content=\"index, follow, max-snippet:-1, max-image-preview:large, max-video-preview:-1\" \/>\n<link rel=\"canonical\" href=\"https:\/\/leofrance.com\/fr\/valeurs\/\" \/>\n<meta property=\"og:locale\" content=\"fr_FR\" \/>\n<meta property=\"og:type\" content=\"article\" \/>\n<meta property=\"og:title\" content=\"Valeurs - Leo France\" \/>\n<meta property=\"og:description\" content=\"POLITIQUE POUR L\u2019ENVIRONNEMENT, LA S\u00c9CURIT\u00c9 ET L\u2019\u00c9NERGIE T\u00e9l\u00e9charger le document RJC Certification RJC COC Certification RJC COP Reporting Code anticorruption Politique RJC ISO 14001 Certification ISO 14001 ISO 45001 Certification ISO 45001 Projets PORCREO Le monde de l\u2019accessoirisation exp\u00e9rimente de nouveaux m\u00e9taux Efficacit\u00e9 \u00e9nerg\u00e9tique des processus de production (R\u00e9gion Toscane \u2013 POR FESR 2014-2020) DAVINCI [&hellip;]\" \/>\n<meta property=\"og:url\" content=\"https:\/\/leofrance.com\/fr\/valeurs\/\" \/>\n<meta property=\"og:site_name\" content=\"Leo France\" \/>\n<meta property=\"article:modified_time\" content=\"2026-04-15T14:18:57+00:00\" \/>\n<meta name=\"twitter:card\" content=\"summary_large_image\" \/>\n<script type=\"application\/ld+json\" class=\"yoast-schema-graph\">{\"@context\":\"https:\\\/\\\/schema.org\",\"@graph\":[{\"@type\":\"WebPage\",\"@id\":\"https:\\\/\\\/leofrance.com\\\/fr\\\/valeurs\\\/\",\"url\":\"https:\\\/\\\/leofrance.com\\\/fr\\\/valeurs\\\/\",\"name\":\"Valeurs - Leo France\",\"isPartOf\":{\"@id\":\"https:\\\/\\\/leofrance.com\\\/#website\"},\"datePublished\":\"2026-02-10T08:41:19+00:00\",\"dateModified\":\"2026-04-15T14:18:57+00:00\",\"breadcrumb\":{\"@id\":\"https:\\\/\\\/leofrance.com\\\/fr\\\/valeurs\\\/#breadcrumb\"},\"inLanguage\":\"fr-FR\",\"potentialAction\":[{\"@type\":\"ReadAction\",\"target\":[\"https:\\\/\\\/leofrance.com\\\/fr\\\/valeurs\\\/\"]}]},{\"@type\":\"BreadcrumbList\",\"@id\":\"https:\\\/\\\/leofrance.com\\\/fr\\\/valeurs\\\/#breadcrumb\",\"itemListElement\":[{\"@type\":\"ListItem\",\"position\":1,\"name\":\"Home\",\"item\":\"https:\\\/\\\/leofrance.com\\\/fr\\\/accueil\\\/\"},{\"@type\":\"ListItem\",\"position\":2,\"name\":\"Valeurs\"}]},{\"@type\":\"WebSite\",\"@id\":\"https:\\\/\\\/leofrance.com\\\/#website\",\"url\":\"https:\\\/\\\/leofrance.com\\\/\",\"name\":\"Leo France\",\"description\":\"Production de bijoux fantaisie et d\u2019accessoires. Leo France r\u00e9alise des bijoux fantaisie et des accessoires pour l\u2019habillement, les sacs et d\u2019autres articles de maroquinerie.\",\"potentialAction\":[{\"@type\":\"SearchAction\",\"target\":{\"@type\":\"EntryPoint\",\"urlTemplate\":\"https:\\\/\\\/leofrance.com\\\/?s={search_term_string}\"},\"query-input\":{\"@type\":\"PropertyValueSpecification\",\"valueRequired\":true,\"valueName\":\"search_term_string\"}}],\"inLanguage\":\"fr-FR\"}]}<\/script>\n<!-- \/ Yoast SEO plugin. -->","yoast_head_json":{"title":"Valeurs - Leo France","robots":{"index":"index","follow":"follow","max-snippet":"max-snippet:-1","max-image-preview":"max-image-preview:large","max-video-preview":"max-video-preview:-1"},"canonical":"https:\/\/leofrance.com\/fr\/valeurs\/","og_locale":"fr_FR","og_type":"article","og_title":"Valeurs - Leo France","og_description":"POLITIQUE POUR L\u2019ENVIRONNEMENT, LA S\u00c9CURIT\u00c9 ET L\u2019\u00c9NERGIE T\u00e9l\u00e9charger le document RJC Certification RJC COC Certification RJC COP Reporting Code anticorruption Politique RJC ISO 14001 Certification ISO 14001 ISO 45001 Certification ISO 45001 Projets PORCREO Le monde de l\u2019accessoirisation exp\u00e9rimente de nouveaux m\u00e9taux Efficacit\u00e9 \u00e9nerg\u00e9tique des processus de production (R\u00e9gion Toscane \u2013 POR FESR 2014-2020) DAVINCI [&hellip;]","og_url":"https:\/\/leofrance.com\/fr\/valeurs\/","og_site_name":"Leo France","article_modified_time":"2026-04-15T14:18:57+00:00","twitter_card":"summary_large_image","schema":{"@context":"https:\/\/schema.org","@graph":[{"@type":"WebPage","@id":"https:\/\/leofrance.com\/fr\/valeurs\/","url":"https:\/\/leofrance.com\/fr\/valeurs\/","name":"Valeurs - Leo France","isPartOf":{"@id":"https:\/\/leofrance.com\/#website"},"datePublished":"2026-02-10T08:41:19+00:00","dateModified":"2026-04-15T14:18:57+00:00","breadcrumb":{"@id":"https:\/\/leofrance.com\/fr\/valeurs\/#breadcrumb"},"inLanguage":"fr-FR","potentialAction":[{"@type":"ReadAction","target":["https:\/\/leofrance.com\/fr\/valeurs\/"]}]},{"@type":"BreadcrumbList","@id":"https:\/\/leofrance.com\/fr\/valeurs\/#breadcrumb","itemListElement":[{"@type":"ListItem","position":1,"name":"Home","item":"https:\/\/leofrance.com\/fr\/accueil\/"},{"@type":"ListItem","position":2,"name":"Valeurs"}]},{"@type":"WebSite","@id":"https:\/\/leofrance.com\/#website","url":"https:\/\/leofrance.com\/","name":"Leo France","description":"Production de bijoux fantaisie et d\u2019accessoires. Leo France r\u00e9alise des bijoux fantaisie et des accessoires pour l\u2019habillement, les sacs et d\u2019autres articles de maroquinerie.","potentialAction":[{"@type":"SearchAction","target":{"@type":"EntryPoint","urlTemplate":"https:\/\/leofrance.com\/?s={search_term_string}"},"query-input":{"@type":"PropertyValueSpecification","valueRequired":true,"valueName":"search_term_string"}}],"inLanguage":"fr-FR"}]}},"_links":{"self":[{"href":"https:\/\/leofrance.com\/fr\/wp-json\/wp\/v2\/pages\/1629","targetHints":{"allow":["GET"]}}],"collection":[{"href":"https:\/\/leofrance.com\/fr\/wp-json\/wp\/v2\/pages"}],"about":[{"href":"https:\/\/leofrance.com\/fr\/wp-json\/wp\/v2\/types\/page"}],"author":[{"embeddable":true,"href":"https:\/\/leofrance.com\/fr\/wp-json\/wp\/v2\/users\/1"}],"replies":[{"embeddable":true,"href":"https:\/\/leofrance.com\/fr\/wp-json\/wp\/v2\/comments?post=1629"}],"version-history":[{"count":0,"href":"https:\/\/leofrance.com\/fr\/wp-json\/wp\/v2\/pages\/1629\/revisions"}],"wp:attachment":[{"href":"https:\/\/leofrance.com\/fr\/wp-json\/wp\/v2\/media?parent=1629"}],"curies":[{"name":"wp","href":"https:\/\/api.w.org\/{rel}","templated":true}]}}